{"id":35328,"date":"2025-11-23T16:07:09","date_gmt":"2025-11-23T15:07:09","guid":{"rendered":"https:\/\/toftum-bjerge.dk\/essen\/"},"modified":"2025-12-16T21:09:40","modified_gmt":"2025-12-16T20:09:40","slug":"essen","status":"publish","type":"page","link":"https:\/\/toftum-bjerge.dk\/de\/essen\/","title":{"rendered":"Essen"},"content":{"rendered":"<p>[et_pb_section fb_built=&#8220;1&#8243; custom_padding_last_edited=&#8220;on|tablet&#8220; _builder_version=&#8220;4.27.4&#8243; background_image=&#8220;https:\/\/toftum-bjerge.dk\/wp-content\/uploads\/2025\/10\/Selskabslokale-e1761595277927.jpg&#8220; height=&#8220;500px&#8220; height_tablet=&#8220;500px&#8220; height_phone=&#8220;500px&#8220; height_last_edited=&#8220;on|phone&#8220; custom_padding=&#8220;0px||350px||false|false&#8220; custom_padding_tablet=&#8220;||150px||false|false&#8220; custom_padding_phone=&#8220;||25px&#8220; bottom_divider_style=&#8220;waves2&#8243; bottom_divider_color=&#8220;#ffffff&#8220; bottom_divider_height=&#8220;150px&#8220; bottom_divider_height_tablet=&#8220;&#8220; bottom_divider_height_phone=&#8220;63px&#8220; bottom_divider_height_last_edited=&#8220;on|phone&#8220; box_shadow_style=&#8220;preset1&#8243; box_shadow_position=&#8220;inner&#8220; global_colors_info=&#8220;{%22gcid-primary-color%22:%91%22background_color_gradient_stops%22%93,%22gcid-secondary-color%22:%91%22background_color_gradient_stops%22%93,%22gcid-7360370f-bdf0-493f-b1f5-2887d5b68e17%22:%91%22background_color_gradient_stops%22%93,%22gcid-ffc7ad8e-ca9f-4ff9-9684-db89d03277e3%22:%91%22background_color_gradient_stops%22%93}&#8220;][et_pb_row _builder_version=&#8220;4.27.4&#8243; background_size=&#8220;initial&#8220; background_position=&#8220;top_left&#8220; background_repeat=&#8220;repeat&#8220; custom_padding=&#8220;50px|0px|65px|0px||&#8220; global_colors_info=&#8220;{}&#8220;][et_pb_column type=&#8220;4_4&#8243; _builder_version=&#8220;4.16&#8243; custom_padding=&#8220;|||&#8220; global_colors_info=&#8220;{}&#8220; custom_padding__hover=&#8220;|||&#8220;][et_pb_text _builder_version=&#8220;4.27.4&#8243; header_2_font=&#8220;|800|||||||&#8220; header_2_text_align=&#8220;center&#8220; header_2_text_color=&#8220;#ffffff&#8220; header_2_font_size=&#8220;60px&#8220; background_layout=&#8220;dark&#8220; custom_margin=&#8220;||20px|&#8220; animation_style=&#8220;slide&#8220; animation_direction=&#8220;bottom&#8220; header_2_font_size_tablet=&#8220;&#8220; header_2_font_size_phone=&#8220;30px&#8220; header_2_font_size_last_edited=&#8220;on|phone&#8220; header_2_text_shadow_style=&#8220;preset2&#8243; header_2_text_shadow_horizontal_length=&#8220;0em&#8220; header_2_text_shadow_vertical_length=&#8220;0.1em&#8220; header_2_text_shadow_blur_strength=&#8220;0.1em&#8220; header_2_text_shadow_color=&#8220;rgba(0,0,0,0.3)&#8220; global_colors_info=&#8220;{}&#8220;]<\/p>\n<h2>CAFE SKOVLY<\/h2>\n<p>[\/et_pb_text][\/et_pb_column][\/et_pb_row][\/et_pb_section][et_pb_section fb_built=&#8220;1&#8243; _builder_version=&#8220;4.27.4&#8243; z_index=&#8220;-20&#8243; custom_padding=&#8220;20px|0px|20px|0px|true|false&#8220; bottom_divider_color=&#8220;gcid-7360370f-bdf0-493f-b1f5-2887d5b68e17&#8243; global_colors_info=&#8220;{%22gcid-7360370f-bdf0-493f-b1f5-2887d5b68e17%22:%91%22bottom_divider_color%22%93}&#8220;][et_pb_row column_structure=&#8220;3_5,2_5&#8243; make_equal=&#8220;on&#8220; custom_padding_last_edited=&#8220;on|phone&#8220; module_class=&#8220;custom_row_95&#8243; _builder_version=&#8220;4.27.4&#8243; width=&#8220;100%&#8220; custom_padding=&#8220;0px||0px|&#8220; custom_padding_tablet=&#8220;0px||0px|&#8220; custom_padding_phone=&#8220;||25px||false|false&#8220; animation_style=&#8220;zoom&#8220; animation_delay=&#8220;250ms&#8220; border_radii=&#8220;on|5px|5px|5px|5px&#8220; global_colors_info=&#8220;{}&#8220;][et_pb_column type=&#8220;3_5&#8243; _builder_version=&#8220;4.16&#8243; background_color=&#8220;#ffffff&#8220; custom_padding=&#8220;50px|50px|50px|50px&#8220; custom_padding_tablet=&#8220;50px|25px|50px|25px&#8220; custom_padding_phone=&#8220;&#8220; custom_padding_last_edited=&#8220;on|phone&#8220; global_colors_info=&#8220;{}&#8220; padding_tablet=&#8220;50px|25px|50px|25px&#8220; padding_last_edited=&#8220;on|phone&#8220; custom_padding__hover=&#8220;|||&#8220; padding_phone=&#8220;50px|25px|50px|25px&#8220;][et_pb_text _builder_version=&#8220;4.27.4&#8243; global_colors_info=&#8220;{}&#8220;]<\/p>\n<h3><strong data-start=\"118\" data-end=\"181\">Willkommen im Cafe Skovly <br \/>&#8211; Gem\u00fctlichkeit, Natur und gute Erfahrungen<\/strong><\/h3>\n<p data-start=\"183\" data-end=\"467\">Mitten auf dem Campingplatz Toftum Bjerge finden Sie das <strong data-start=\"223\" data-end=\"238\">Cafe Skovly<\/strong> &#8211; ein informelles und gem\u00fctliches Caf\u00e9, in dem sich jeder wohlf\u00fchlen kann. Hier servieren wir gutes Essen in einer entspannten Atmosph\u00e4re. An Wochenenden und Feiertagen sind wir der nat\u00fcrliche Treffpunkt f\u00fcr Camper, G\u00e4ste aus der Umgebung und Besucher der Gegend. <\/p>\n<p data-start=\"469\" data-end=\"681\">W\u00e4hrend Sie ein leckeres Abendessen, ein Eis oder eine kalte Erfrischung genie\u00dfen, k\u00f6nnen sich die Kinder auf dem Spielplatz austoben, einen Ausflug zum Strand machen oder die Familie zum Minigolf herausfordern. Hier ist Platz f\u00fcr Zweisamkeit, Lachen und Urlaubsspa\u00df. <\/p>\n<h3 data-start=\"683\" data-end=\"723\"><strong data-start=\"687\" data-end=\"723\">Partys &amp; festliche Anl\u00e4sse<\/strong><\/h3>\n<p data-start=\"724\" data-end=\"1137\">Wir haben auch <strong data-start=\"743\" data-end=\"762\">Veranstaltungsr\u00e4ume<\/strong>, die den perfekten Rahmen f\u00fcr Konfirmationen, Taufen, Geburtstage, Jubil\u00e4en und andere besondere Ereignisse bieten. Gerne passen wir sowohl das Men\u00fc als auch den Rahmen Ihren W\u00fcnschen an &#8211; ob Sie nun von einer entspannten Party, einem gem\u00fctlichen Nachmittag oder einer gr\u00f6\u00dferen Feier tr\u00e4umen.<br data-start=\"1026\" data-end=\"1029\">Wir sind flexibel, so dass Sie das Tempo selbst bestimmen &#8211; und wenn Sie Ihren eigenen Kuchen zum Kaffee mitbringen m\u00f6chten, ist das auch in Ordnung. <\/p>\n<h3 data-start=\"1139\" data-end=\"1173\"><strong data-start=\"1143\" data-end=\"1173\">Unterkunft in der N\u00e4he der Natur<\/strong><\/h3>\n<p data-start=\"1174\" data-end=\"1389\">Wenn Sie Ihren Besuch mit einer \u00dcbernachtung verbinden m\u00f6chten, bietet Toftum Bjerge Camping <strong data-start=\"1256\" data-end=\"1294\">H\u00fctten, Zimmer und Glamping-Zelte<\/strong> &#8211; ideal f\u00fcr Familien, Paare und Firmeng\u00e4ste, die die sch\u00f6ne Natur etwas l\u00e4nger genie\u00dfen m\u00f6chten.<\/p>\n<p data-start=\"1391\" data-end=\"1454\"><strong data-start=\"1391\" data-end=\"1454\">Cafe Skovly &#8211; der Ort, an dem sich Natur, Essen und gute Zeiten treffen.<\/strong><\/p>\n<p>[\/et_pb_text][\/et_pb_column][et_pb_column type=&#8220;2_5&#8243; _builder_version=&#8220;4.27.4&#8243; background_color=&#8220;gcid-7360370f-bdf0-493f-b1f5-2887d5b68e17&#8243; background_enable_image=&#8220;off&#8220; custom_padding=&#8220;||25px|&#8220; custom_padding_last_edited=&#8220;off|phone&#8220; border_radii=&#8220;on|30px|30px|30px|30px&#8220; box_shadow_style=&#8220;preset1&#8243; global_colors_info=&#8220;{%22gcid-7360370f-bdf0-493f-b1f5-2887d5b68e17%22:%91%22background_color%22%93}&#8220; padding_last_edited=&#8220;off|phone&#8220; custom_padding__hover=&#8220;|||&#8220;][et_pb_image src=&#8220;https:\/\/toftum-bjerge.dk\/wp-content\/uploads\/2025\/11\/Cafe.jpg&#8220; title_text=&#8220;Cafe&#8220; align_tablet=&#8220;center&#8220; align_phone=&#8220;&#8220; align_last_edited=&#8220;on|desktop&#8220; _builder_version=&#8220;4.27.4&#8243; border_style=&#8220;solid&#8220; global_colors_info=&#8220;{}&#8220;][\/et_pb_image][et_pb_blurb icon_placement=&#8220;left&#8220; image_icon_width=&#8220;20px&#8220; module_class=&#8220;contact_detail_blurb&#8220; _builder_version=&#8220;4.27.4&#8243; header_font=&#8220;|on|||&#8220; header_font_size=&#8220;16&#8243; body_font_size=&#8220;15&#8243; body_line_height=&#8220;1.5em&#8220; background_layout=&#8220;dark&#8220; custom_padding=&#8220;|||50px&#8220; custom_padding_tablet=&#8220;&#8220; custom_padding_phone=&#8220;|||25px&#8220; custom_padding_last_edited=&#8220;on|phone&#8220; animation=&#8220;off&#8220; border_style_all=&#8220;solid&#8220; border_style=&#8220;solid&#8220; icon_font_size=&#8220;20px&#8220; global_colors_info=&#8220;{}&#8220;]<\/p>\n<p>Men\u00fcvorschl\u00e4ge der Firma:<br \/>Vorspeise &#8211; w\u00e4hlen Sie aus:<br \/>&#8211; Thunfischmousse mit Salat, Brot und Dressing<br \/>&#8211; Lachsroulade mit Salat und Brot<br \/>&#8211; T\u00f6rtchen mit Huhn in Spargel<br \/>&#8211; Suppe mit Brot<\/p>\n<p>Hauptgerichte vom Buffet:<br \/>Schweinebraten, Rinderfilet und H\u00e4hnchen.<br \/>Sahnekartoffeln und Pommes frites<br \/>Gemischter gr\u00fcner Salat, Tomatensalat &amp; Nudelsalat<br \/>Sauce Bernaise, Aioli &amp; Dressing<br \/>Brot<\/p>\n<p>Dessert:<br \/>Eis zum Selbermachen &amp; Kuchen<br \/>Obstteller &amp; Kaffee\/Tee<\/p>\n<p>Partybuffet inkl.<br \/>Tischgedecke und R\u00e4ume (25-55 Pers.)<br \/>Pro Umschlag DKK 350.<\/p>\n<p>Kauf:<br \/>Bier\/Wein\/Wasser a libitum &#8211; DKK 150<br \/>Begr\u00fc\u00dfungsgetr\u00e4nk &#8211; DKK 50<br \/>Hotdogs (Nachtessen) &#8211; DKK 70<br \/>Getr\u00e4nke nach Verbrauch<\/p>\n<p>[\/et_pb_blurb][et_pb_button button_text=&#8220;RUFEN SIE 97861330 AN.&#8220; button_alignment=&#8220;center&#8220; _builder_version=&#8220;4.27.4&#8243; _module_preset=&#8220;default&#8220; hover_enabled=&#8220;0&#8243; global_colors_info=&#8220;{}&#8220; sticky_enabled=&#8220;0&#8243;][\/et_pb_button][\/et_pb_column][\/et_pb_row][et_pb_row use_custom_gutter=&#8220;on&#8220; gutter_width=&#8220;1&#8243; disabled_on=&#8220;on|off|off&#8220; _builder_version=&#8220;4.27.4&#8243; _module_preset=&#8220;default&#8220; width=&#8220;100%&#8220; max_width=&#8220;100%&#8220; global_colors_info=&#8220;{}&#8220;][et_pb_column type=&#8220;4_4&#8243; _builder_version=&#8220;4.27.4&#8243; _module_preset=&#8220;default&#8220; global_colors_info=&#8220;{}&#8220;][et_pb_gallery gallery_ids=&#8220;35329,35330,35331,35332,35334,35335,35337,35338&#8243; posts_number=&#8220;8&#8243; show_title_and_caption=&#8220;off&#8220; show_pagination=&#8220;off&#8220; _builder_version=&#8220;4.27.4&#8243; _module_preset=&#8220;default&#8220; z_index=&#8220;-15&#8243; global_colors_info=&#8220;{}&#8220;][\/et_pb_gallery][\/et_pb_column][\/et_pb_row][\/et_pb_section][et_pb_section fb_built=&#8220;1&#8243; _builder_version=&#8220;4.27.4&#8243; background_enable_color=&#8220;off&#8220; z_index=&#8220;0&#8243; custom_padding=&#8220;0px|0px|0px|0px&#8220; top_divider_height=&#8220;0px&#8220; top_divider_flip=&#8220;vertical&#8220; bottom_divider_style=&#8220;wave2&#8243; bottom_divider_color=&#8220;gcid-7360370f-bdf0-493f-b1f5-2887d5b68e17&#8243; bottom_divider_height_tablet=&#8220;&#8220; bottom_divider_height_phone=&#8220;44px&#8220; bottom_divider_height_last_edited=&#8220;on|phone&#8220; global_colors_info=&#8220;{%22gcid-7360370f-bdf0-493f-b1f5-2887d5b68e17%22:%91%22bottom_divider_color%22%93}&#8220;][\/et_pb_section]<\/p>\n","protected":false},"excerpt":{"rendered":"<p>CAFE SKOVLYWillkommen im Cafe Skovly &#8211; Gem\u00fctlichkeit, Natur und gute Erfahrungen Mitten auf dem Campingplatz Toftum Bjerge finden Sie das Cafe Skovly &#8211; ein informelles und gem\u00fctliches Caf\u00e9, in dem [&hellip;]<\/p>\n","protected":false},"author":1,"featured_media":0,"parent":0,"menu_order":0,"comment_status":"closed","ping_status":"closed","template":"","meta":{"_et_pb_use_builder":"on","_et_pb_old_content":"","_et_gb_content_width":"","footnotes":""},"folder":[],"class_list":["post-35328","page","type-page","status-publish","hentry"],"yoast_head":"<!-- This site is optimized with the Yoast SEO plugin v27.2 - https:\/\/yoast.com\/product\/yoast-seo-wordpress\/ -->\n<title>Essen - Toftum Bjerge Camping<\/title>\n<meta name=\"robots\" content=\"index, follow, max-snippet:-1, max-image-preview:large, max-video-preview:-1\" \/>\n<link rel=\"canonical\" href=\"https:\/\/toftum-bjerge.dk\/de\/essen\/\" \/>\n<meta property=\"og:locale\" content=\"de_DE\" \/>\n<meta property=\"og:type\" content=\"article\" \/>\n<meta property=\"og:title\" content=\"Essen - Toftum Bjerge Camping\" \/>\n<meta property=\"og:description\" content=\"CAFE SKOVLYWillkommen im Cafe Skovly - Gem\u00fctlichkeit, Natur und gute Erfahrungen Mitten auf dem Campingplatz Toftum Bjerge finden Sie das Cafe Skovly - ein informelles und gem\u00fctliches Caf\u00e9, in dem [&hellip;]\" \/>\n<meta property=\"og:url\" content=\"https:\/\/toftum-bjerge.dk\/de\/essen\/\" \/>\n<meta property=\"og:site_name\" content=\"Toftum Bjerge Camping\" \/>\n<meta property=\"article:modified_time\" content=\"2025-12-16T20:09:40+00:00\" \/>\n<meta name=\"twitter:card\" content=\"summary_large_image\" \/>\n<meta name=\"twitter:label1\" content=\"Gesch\u00e4tzte Lesezeit\" \/>\n\t<meta name=\"twitter:data1\" content=\"6\u00a0Minuten\" \/>\n<script type=\"application\/ld+json\" class=\"yoast-schema-graph\">{\"@context\":\"https:\/\/schema.org\",\"@graph\":[{\"@type\":\"WebPage\",\"@id\":\"https:\/\/toftum-bjerge.dk\/de\/essen\/\",\"url\":\"https:\/\/toftum-bjerge.dk\/de\/essen\/\",\"name\":\"Essen - Toftum Bjerge Camping\",\"isPartOf\":{\"@id\":\"https:\/\/toftum-bjerge.dk\/de\/#website\"},\"datePublished\":\"2025-11-23T15:07:09+00:00\",\"dateModified\":\"2025-12-16T20:09:40+00:00\",\"breadcrumb\":{\"@id\":\"https:\/\/toftum-bjerge.dk\/de\/essen\/#breadcrumb\"},\"inLanguage\":\"de\",\"potentialAction\":[{\"@type\":\"ReadAction\",\"target\":[\"https:\/\/toftum-bjerge.dk\/de\/essen\/\"]}]},{\"@type\":\"BreadcrumbList\",\"@id\":\"https:\/\/toftum-bjerge.dk\/de\/essen\/#breadcrumb\",\"itemListElement\":[{\"@type\":\"ListItem\",\"position\":1,\"name\":\"Hjem\",\"item\":\"https:\/\/toftum-bjerge.dk\/de\/hauptseite\/\"},{\"@type\":\"ListItem\",\"position\":2,\"name\":\"Essen\"}]},{\"@type\":\"WebSite\",\"@id\":\"https:\/\/toftum-bjerge.dk\/de\/#website\",\"url\":\"https:\/\/toftum-bjerge.dk\/de\/\",\"name\":\"Toftum Bjerge Camping\",\"description\":\"Din oase mellem fjord og skov\",\"potentialAction\":[{\"@type\":\"SearchAction\",\"target\":{\"@type\":\"EntryPoint\",\"urlTemplate\":\"https:\/\/toftum-bjerge.dk\/de\/?s={search_term_string}\"},\"query-input\":{\"@type\":\"PropertyValueSpecification\",\"valueRequired\":true,\"valueName\":\"search_term_string\"}}],\"inLanguage\":\"de\"}]}<\/script>\n<!-- \/ Yoast SEO plugin. -->","yoast_head_json":{"title":"Essen - Toftum Bjerge Camping","robots":{"index":"index","follow":"follow","max-snippet":"max-snippet:-1","max-image-preview":"max-image-preview:large","max-video-preview":"max-video-preview:-1"},"canonical":"https:\/\/toftum-bjerge.dk\/de\/essen\/","og_locale":"de_DE","og_type":"article","og_title":"Essen - Toftum Bjerge Camping","og_description":"CAFE SKOVLYWillkommen im Cafe Skovly - Gem\u00fctlichkeit, Natur und gute Erfahrungen Mitten auf dem Campingplatz Toftum Bjerge finden Sie das Cafe Skovly - ein informelles und gem\u00fctliches Caf\u00e9, in dem [&hellip;]","og_url":"https:\/\/toftum-bjerge.dk\/de\/essen\/","og_site_name":"Toftum Bjerge Camping","article_modified_time":"2025-12-16T20:09:40+00:00","twitter_card":"summary_large_image","twitter_misc":{"Gesch\u00e4tzte Lesezeit":"6\u00a0Minuten"},"schema":{"@context":"https:\/\/schema.org","@graph":[{"@type":"WebPage","@id":"https:\/\/toftum-bjerge.dk\/de\/essen\/","url":"https:\/\/toftum-bjerge.dk\/de\/essen\/","name":"Essen - Toftum Bjerge Camping","isPartOf":{"@id":"https:\/\/toftum-bjerge.dk\/de\/#website"},"datePublished":"2025-11-23T15:07:09+00:00","dateModified":"2025-12-16T20:09:40+00:00","breadcrumb":{"@id":"https:\/\/toftum-bjerge.dk\/de\/essen\/#breadcrumb"},"inLanguage":"de","potentialAction":[{"@type":"ReadAction","target":["https:\/\/toftum-bjerge.dk\/de\/essen\/"]}]},{"@type":"BreadcrumbList","@id":"https:\/\/toftum-bjerge.dk\/de\/essen\/#breadcrumb","itemListElement":[{"@type":"ListItem","position":1,"name":"Hjem","item":"https:\/\/toftum-bjerge.dk\/de\/hauptseite\/"},{"@type":"ListItem","position":2,"name":"Essen"}]},{"@type":"WebSite","@id":"https:\/\/toftum-bjerge.dk\/de\/#website","url":"https:\/\/toftum-bjerge.dk\/de\/","name":"Toftum Bjerge Camping","description":"Din oase mellem fjord og skov","potentialAction":[{"@type":"SearchAction","target":{"@type":"EntryPoint","urlTemplate":"https:\/\/toftum-bjerge.dk\/de\/?s={search_term_string}"},"query-input":{"@type":"PropertyValueSpecification","valueRequired":true,"valueName":"search_term_string"}}],"inLanguage":"de"}]}},"_links":{"self":[{"href":"https:\/\/toftum-bjerge.dk\/de\/wp-json\/wp\/v2\/pages\/35328","targetHints":{"allow":["GET"]}}],"collection":[{"href":"https:\/\/toftum-bjerge.dk\/de\/wp-json\/wp\/v2\/pages"}],"about":[{"href":"https:\/\/toftum-bjerge.dk\/de\/wp-json\/wp\/v2\/types\/page"}],"author":[{"embeddable":true,"href":"https:\/\/toftum-bjerge.dk\/de\/wp-json\/wp\/v2\/users\/1"}],"replies":[{"embeddable":true,"href":"https:\/\/toftum-bjerge.dk\/de\/wp-json\/wp\/v2\/comments?post=35328"}],"version-history":[{"count":3,"href":"https:\/\/toftum-bjerge.dk\/de\/wp-json\/wp\/v2\/pages\/35328\/revisions"}],"predecessor-version":[{"id":35341,"href":"https:\/\/toftum-bjerge.dk\/de\/wp-json\/wp\/v2\/pages\/35328\/revisions\/35341"}],"wp:attachment":[{"href":"https:\/\/toftum-bjerge.dk\/de\/wp-json\/wp\/v2\/media?parent=35328"}],"wp:term":[{"taxonomy":"folder","embeddable":true,"href":"https:\/\/toftum-bjerge.dk\/de\/wp-json\/wp\/v2\/folder?post=35328"}],"curies":[{"name":"wp","href":"https:\/\/api.w.org\/{rel}","templated":true}]}}