{"id":35353,"date":"2025-09-29T12:57:11","date_gmt":"2025-09-29T11:57:11","guid":{"rendered":"https:\/\/toftum-bjerge.dk\/ueber-uns\/"},"modified":"2025-12-16T21:09:50","modified_gmt":"2025-12-16T20:09:50","slug":"ueber-uns","status":"publish","type":"page","link":"https:\/\/toftum-bjerge.dk\/de\/ueber-uns\/","title":{"rendered":"\u00dcber uns"},"content":{"rendered":"<p>[et_pb_section fb_built=&#8220;1&#8243; custom_padding_last_edited=&#8220;on|tablet&#8220; _builder_version=&#8220;4.27.4&#8243; background_image=&#8220;https:\/\/toftum-bjerge.dk\/wp-content\/uploads\/2025\/10\/STrand.jpg&#8220; height=&#8220;500px&#8220; height_tablet=&#8220;500px&#8220; height_phone=&#8220;500px&#8220; height_last_edited=&#8220;on|phone&#8220; custom_padding=&#8220;0px||350px||false|false&#8220; custom_padding_tablet=&#8220;||150px||false|false&#8220; custom_padding_phone=&#8220;||25px&#8220; bottom_divider_style=&#8220;waves2&#8243; bottom_divider_color=&#8220;#ffffff&#8220; bottom_divider_height=&#8220;150px&#8220; bottom_divider_height_tablet=&#8220;&#8220; bottom_divider_height_phone=&#8220;63px&#8220; bottom_divider_height_last_edited=&#8220;on|phone&#8220; box_shadow_style=&#8220;preset1&#8243; box_shadow_position=&#8220;inner&#8220; global_colors_info=&#8220;{%22gcid-primary-color%22:%91%22background_color_gradient_stops%22%93,%22gcid-secondary-color%22:%91%22background_color_gradient_stops%22%93,%22gcid-7360370f-bdf0-493f-b1f5-2887d5b68e17%22:%91%22background_color_gradient_stops%22%93,%22gcid-ffc7ad8e-ca9f-4ff9-9684-db89d03277e3%22:%91%22background_color_gradient_stops%22%93}&#8220;][et_pb_row _builder_version=&#8220;4.16&#8243; background_size=&#8220;initial&#8220; background_position=&#8220;top_left&#8220; background_repeat=&#8220;repeat&#8220; custom_padding=&#8220;50px|0px|65px|0px||&#8220; global_colors_info=&#8220;{}&#8220;][et_pb_column type=&#8220;4_4&#8243; _builder_version=&#8220;4.16&#8243; custom_padding=&#8220;|||&#8220; global_colors_info=&#8220;{}&#8220; custom_padding__hover=&#8220;|||&#8220;][et_pb_text _builder_version=&#8220;4.27.4&#8243; header_2_font=&#8220;|800|||||||&#8220; header_2_text_align=&#8220;center&#8220; header_2_text_color=&#8220;#ffffff&#8220; header_2_font_size=&#8220;60px&#8220; background_layout=&#8220;dark&#8220; custom_margin=&#8220;||20px|&#8220; animation_style=&#8220;slide&#8220; animation_direction=&#8220;bottom&#8220; header_2_font_size_tablet=&#8220;&#8220; header_2_font_size_phone=&#8220;30px&#8220; header_2_font_size_last_edited=&#8220;on|phone&#8220; header_2_text_shadow_style=&#8220;preset2&#8243; header_2_text_shadow_horizontal_length=&#8220;0em&#8220; header_2_text_shadow_vertical_length=&#8220;0.1em&#8220; header_2_text_shadow_blur_strength=&#8220;0.1em&#8220; header_2_text_shadow_color=&#8220;rgba(0,0,0,0.3)&#8220; global_colors_info=&#8220;{}&#8220;]<\/p>\n<h2>LET&#8217;S CAMP UND DAS TEAM DAHINTER<\/h2>\n<p>[\/et_pb_text][\/et_pb_column][\/et_pb_row][\/et_pb_section][et_pb_section fb_built=&#8220;1&#8243; custom_padding_last_edited=&#8220;on|tablet&#8220; _builder_version=&#8220;4.27.4&#8243; custom_padding=&#8220;100px|0px|100px|0px&#8220; custom_padding_tablet=&#8220;25px||||false|false&#8220; custom_padding_phone=&#8220;25px||||false|false&#8220; bottom_divider_style=&#8220;waves2&#8243; bottom_divider_color=&#8220;gcid-7360370f-bdf0-493f-b1f5-2887d5b68e17&#8243; bottom_divider_flip=&#8220;vertical|horizontal&#8220; global_colors_info=&#8220;{%22gcid-7360370f-bdf0-493f-b1f5-2887d5b68e17%22:%91%22bottom_divider_color%22%93}&#8220;][et_pb_row column_structure=&#8220;1_2,1_2&#8243; _builder_version=&#8220;4.27.4&#8243; _module_preset=&#8220;default&#8220; width=&#8220;100%&#8220; max_width=&#8220;1400px&#8220; global_colors_info=&#8220;{}&#8220;][et_pb_column type=&#8220;1_2&#8243; _builder_version=&#8220;4.27.4&#8243; _module_preset=&#8220;default&#8220; global_colors_info=&#8220;{}&#8220;][et_pb_text _builder_version=&#8220;4.27.4&#8243; _module_preset=&#8220;default&#8220; custom_padding=&#8220;||1px|||&#8220; custom_padding_tablet=&#8220;|15px||15px|false|true&#8220; custom_padding_phone=&#8220;|15px||15px|false|true&#8220; custom_padding_last_edited=&#8220;on|tablet&#8220; global_colors_info=&#8220;{}&#8220;]<\/p>\n<h2>Die Familie Thusg\u00e5rd Poulsen<\/h2>\n<p>Wir sind eine Familie, die Camping lebt und atmet &#8211; und im Laufe der Jahre haben wir den Traum, Campingpl\u00e4tze zu betreiben, wahr gemacht.<\/p>\n<p>Alles begann im Jahr 2011, als wir die<span> <\/span><strong>Toftum Bjerge Camping<\/strong>. Hier wurde uns schnell klar, dass es beim Camping nicht nur um Stellpl\u00e4tze und Einrichtungen geht, sondern vor allem um Menschen, Gemeinschaft und gute Erfahrungen. <\/p>\n<p>Im Jahr 2019 haben wir einen weiteren Schritt gemacht, als wir die<span> <\/span><strong>Glyng\u00f8re Camping<\/strong>, das wir jetzt gemeinsam mit unserem j\u00fcngsten Sohn betreiben,<span> <\/span><strong>Jakob<\/strong>. Er ist auch der Hausmeister an allen drei Standorten und eine unsch\u00e4tzbare Hilfe im Alltag. <\/p>\n<p>Zuletzt, im Jahr 2024, erweiterte sich die Familie um<span> <\/span><strong>Himmerland Camping<\/strong>, das unsere \u00e4lteste Tochter <strong>Maja<\/strong> mit ihrem Mann betreibt,<span> <\/span><strong>David<\/strong>. Unsere zweit\u00e4lteste Tochter <strong>Sara<\/strong> ist f\u00fcr das Tagesgesch\u00e4ft bei <span> <\/span><strong>Toftum Bjerge Camping<\/strong><span> <\/span>mit seiner Freundin,<span> <\/span><strong>St. Thomas<\/strong><span> <\/span>&#8211; und so wurde der Staffelstab nat\u00fcrlich an die n\u00e4chste Generation weitergegeben.<\/p>\n<p>Auch unser zweitj\u00fcngster Sohn,<span> <\/span><strong>Jeppe<\/strong> und seine Freundin <strong>Cecilie<\/strong> haben sich f\u00fcr die Selbstst\u00e4ndigkeit entschieden &#8211; allerdings in einer etwas anderen Richtung. Heute betreibt er ein Hotel in Nyk\u00f8bing Mors. <\/p>\n<p>Alle unsere Campingpl\u00e4tze befinden sich in der wundersch\u00f6nen<span> <\/span><strong>Limfjord-Gebiet<\/strong>, wo wir geboren und aufgewachsen sind. Der Fjord, die Natur und die lokalen Gemeinden bedeuten uns sehr viel &#8211; und wir sind stolz darauf, G\u00e4ste hier willkommen zu hei\u00dfen, wo unsere eigenen Wurzeln tief verwurzelt sind. <\/p>\n<p>F\u00fcr uns ist Camping viel mehr als nur ein Urlaub &#8211; es ist ein Lebensstil. Wir lieben es, den perfekten Rahmen f\u00fcr Familien, Paare und Freunde zu schaffen, um gemeinsam Erinnerungen zu schaffen. Die Tatsache, dass wir dies auf drei verschiedenen Campingpl\u00e4tzen und als Familie tun k\u00f6nnen, macht es noch sinnvoller.  <\/p>\n<p>Wenn Sie einen unserer Campingpl\u00e4tze besuchen, hoffen wir, dass Sie das Herz, die Geschichte und die Gemeinschaft dahinter sp\u00fcren.<\/p>\n<p>[\/et_pb_text][\/et_pb_column][et_pb_column type=&#8220;1_2&#8243; _builder_version=&#8220;4.27.4&#8243; _module_preset=&#8220;default&#8220; global_colors_info=&#8220;{}&#8220;][et_pb_gallery gallery_ids=&#8220;33777,35354&#8243; fullwidth=&#8220;on&#8220; _builder_version=&#8220;4.27.4&#8243; _module_preset=&#8220;default&#8220; global_colors_info=&#8220;{}&#8220;][\/et_pb_gallery][\/et_pb_column][\/et_pb_row][\/et_pb_section][et_pb_section fb_built=&#8220;1&#8243; _builder_version=&#8220;4.27.4&#8243; background_enable_color=&#8220;off&#8220; custom_padding=&#8220;100px|0px|100px|0px&#8220; top_divider_style=&#8220;waves2&#8243; top_divider_color=&#8220;gcid-7360370f-bdf0-493f-b1f5-2887d5b68e17&#8243; top_divider_flip=&#8220;vertical&#8220; global_colors_info=&#8220;{%22gcid-7360370f-bdf0-493f-b1f5-2887d5b68e17%22:%91%22top_divider_color%22%93}&#8220;][et_pb_row column_structure=&#8220;1_2,1_2&#8243; _builder_version=&#8220;4.27.4&#8243; _module_preset=&#8220;default&#8220; width=&#8220;100%&#8220; max_width=&#8220;1400px&#8220; hover_enabled=&#8220;0&#8243; global_colors_info=&#8220;{}&#8220; sticky_enabled=&#8220;0&#8243; disabled_on=&#8220;on|on|off&#8220;][et_pb_column type=&#8220;1_2&#8243; _builder_version=&#8220;4.27.4&#8243; _module_preset=&#8220;default&#8220; global_colors_info=&#8220;{}&#8220;][et_pb_gallery gallery_ids=&#8220;33760,33774,33779,33777,33771&#8243; fullwidth=&#8220;on&#8220; _builder_version=&#8220;4.27.4&#8243; _module_preset=&#8220;default&#8220; global_colors_info=&#8220;{}&#8220;][\/et_pb_gallery][et_pb_gallery gallery_ids=&#8220;33777,35355&#8243; fullwidth=&#8220;on&#8220; _builder_version=&#8220;4.27.4&#8243; _module_preset=&#8220;default&#8220; global_colors_info=&#8220;{}&#8220;][\/et_pb_gallery][\/et_pb_column][et_pb_column type=&#8220;1_2&#8243; _builder_version=&#8220;4.27.4&#8243; _module_preset=&#8220;default&#8220; global_colors_info=&#8220;{}&#8220;][et_pb_text _builder_version=&#8220;4.27.4&#8243; _module_preset=&#8220;default&#8220; custom_padding=&#8220;||1px|||&#8220; custom_padding_tablet=&#8220;|15px||15px|false|true&#8220; custom_padding_phone=&#8220;|15px||15px|false|true&#8220; custom_padding_last_edited=&#8220;on|tablet&#8220; global_colors_info=&#8220;{}&#8220;]<\/p>\n<h3 data-start=\"177\" data-end=\"222\"><strong data-start=\"184\" data-end=\"220\">Unsere Geschichte &#8211; Sara und Thomas<\/strong><\/h3>\n<p data-start=\"89\" data-end=\"124\">\n<p data-start=\"126\" data-end=\"244\">Wir sind Sara und Thomas, und Camping ist nicht nur unser Job &#8211; es ist Teil unseres Lebens und unserer Familiengeschichte.<\/p>\n<p data-start=\"246\" data-end=\"484\">Sara wuchs auf dem Campingplatz ihrer Eltern auf. Obwohl ihre Kindheit von sch\u00f6nen Erinnerungen gepr\u00e4gt war, war sie viele Jahre lang davon \u00fcberzeugt, dass sie als Erwachsene keinen Campingplatz besitzen w\u00fcrde. Sie wollte ihren eigenen Weg gehen und etwas anderes ausprobieren.  <\/p>\n<p data-start=\"486\" data-end=\"807\">Als sie sp\u00e4ter Thomas kennenlernte und sie 2024 ihre Tochter Lily bekamen, begannen sich die Dinge zu \u00e4ndern. Die Familie wurde f\u00fcr beide das Wichtigste und Sara erkannte, wie viel ihre Erziehung bedeutet hatte: N\u00e4he, starke Beziehungen und ein Ort, an dem man sich immer zu Hause f\u00fchlte. All das m\u00f6chte sie nun an Lily weitergeben.  <\/p>\n<p data-start=\"809\" data-end=\"1111\">Als sich uns die M\u00f6glichkeit bot, die Leitung des <strong data-start=\"850\" data-end=\"875\">Toftum Bjerge Camping<\/strong> zu \u00fcbernehmen, haben wir sofort zugegriffen &#8211; auch wenn das bedeutete, dass wir in das Haus von Saras Kindheit zur\u00fcckkehren mussten. Es f\u00fchlte sich an, als w\u00fcrden wir nach Hause zur\u00fcckkehren, aber gleichzeitig etwas v\u00f6llig Neues schaffen. Ein Ort, an dem sich vergangene Erinnerungen und zuk\u00fcnftige Tr\u00e4ume treffen.  <\/p>\n<p data-start=\"1113\" data-end=\"1360\">Thomas macht eine Ausbildung zum Schreiner. Er liebt sein Handwerk, aber er teilt auch Saras Traum, eines Tages gemeinsam einen Campingplatz zu betreiben. Die Idee eines gemeinsamen Projekts, bei dem Familie, Arbeit und Alltag Hand in Hand gehen, spricht ihn sehr an.  <\/p>\n<p data-start=\"1362\" data-end=\"1647\">Als Familie lieben wir es, zusammen zu sein, Erinnerungen zu schaffen und Raum f\u00fcr unsere G\u00e4ste und uns selbst zu schaffen. F\u00fcr uns ist der Traum vom Campingplatz nicht nur ein Job. Es ist ein Weg, unsere Zukunft zu gestalten &#8211; gemeinsam, als die kleine Familie, die wir sind und von der Lily jetzt ein zentraler Teil ist.  <\/p>\n<p data-start=\"1266\" data-end=\"1551\">[\/et_pb_text][\/et_pb_column][\/et_pb_row][et_pb_row column_structure=&#8220;1_2,1_2&#8243; _builder_version=&#8220;4.27.4&#8243; _module_preset=&#8220;default&#8220; width=&#8220;100%&#8220; max_width=&#8220;1400px&#8220; hover_enabled=&#8220;0&#8243; global_colors_info=&#8220;{}&#8220; sticky_enabled=&#8220;0&#8243; disabled_on=&#8220;off|off|on&#8220;][et_pb_column type=&#8220;1_2&#8243; _builder_version=&#8220;4.27.4&#8243; _module_preset=&#8220;default&#8220; global_colors_info=&#8220;{}&#8220;][et_pb_text _builder_version=&#8220;4.27.4&#8243; _module_preset=&#8220;default&#8220; custom_padding=&#8220;||1px|||&#8220; custom_padding_tablet=&#8220;|15px||15px|false|true&#8220; custom_padding_phone=&#8220;|15px||15px|false|true&#8220; custom_padding_last_edited=&#8220;on|tablet&#8220; global_colors_info=&#8220;{}&#8220;]<\/p>\n<h3 data-start=\"177\" data-end=\"222\"><strong data-start=\"184\" data-end=\"220\">Unsere Geschichte &#8211; Sara und Thomas<\/strong><\/h3>\n<p data-start=\"89\" data-end=\"124\">\n<p data-start=\"126\" data-end=\"244\">Wir sind Sara und Thomas, und Camping ist nicht nur unser Job &#8211; es ist Teil unseres Lebens und unserer Familiengeschichte.<\/p>\n<p data-start=\"246\" data-end=\"484\">Sara wuchs auf dem Campingplatz ihrer Eltern auf. Obwohl ihre Kindheit von sch\u00f6nen Erinnerungen gepr\u00e4gt war, war sie viele Jahre lang davon \u00fcberzeugt, dass sie als Erwachsene keinen Campingplatz besitzen w\u00fcrde. Sie wollte ihren eigenen Weg gehen und etwas anderes ausprobieren.  <\/p>\n<p data-start=\"486\" data-end=\"807\">Als sie sp\u00e4ter Thomas kennenlernte und sie 2024 ihre Tochter Lily bekamen, begannen sich die Dinge zu \u00e4ndern. Die Familie wurde f\u00fcr beide das Wichtigste und Sara erkannte, wie viel ihre Erziehung bedeutet hatte: N\u00e4he, starke Beziehungen und ein Ort, an dem man sich immer zu Hause f\u00fchlte. All das m\u00f6chte sie nun an Lily weitergeben.  <\/p>\n<p data-start=\"809\" data-end=\"1111\">Als sich uns die M\u00f6glichkeit bot, die Leitung des <strong data-start=\"850\" data-end=\"875\">Toftum Bjerge Camping<\/strong> zu \u00fcbernehmen, haben wir sofort zugegriffen &#8211; auch wenn das bedeutete, dass wir in das Haus von Saras Kindheit zur\u00fcckkehren mussten. Es f\u00fchlte sich an, als w\u00fcrden wir nach Hause zur\u00fcckkehren, aber gleichzeitig etwas v\u00f6llig Neues schaffen. Ein Ort, an dem sich vergangene Erinnerungen und zuk\u00fcnftige Tr\u00e4ume treffen.  <\/p>\n<p data-start=\"1113\" data-end=\"1360\">Thomas macht eine Ausbildung zum Schreiner. Er liebt sein Handwerk, aber er teilt auch Saras Traum, eines Tages gemeinsam einen Campingplatz zu betreiben. Die Idee eines gemeinsamen Projekts, bei dem Familie, Arbeit und Alltag Hand in Hand gehen, spricht ihn sehr an.  <\/p>\n<p data-start=\"1362\" data-end=\"1647\">Als Familie lieben wir es, zusammen zu sein, Erinnerungen zu schaffen und Raum f\u00fcr unsere G\u00e4ste und uns selbst zu schaffen. F\u00fcr uns ist der Traum vom Campingplatz nicht nur ein Job. Es ist ein Weg, unsere Zukunft zu gestalten &#8211; gemeinsam, als die kleine Familie, die wir sind und von der Lily jetzt ein zentraler Teil ist.  <\/p>\n<p data-start=\"1266\" data-end=\"1551\">[\/et_pb_text][\/et_pb_column][et_pb_column type=&#8220;1_2&#8243; _builder_version=&#8220;4.27.4&#8243; _module_preset=&#8220;default&#8220; global_colors_info=&#8220;{}&#8220;][et_pb_gallery gallery_ids=&#8220;33760,33774,33779,33777,33771&#8243; fullwidth=&#8220;on&#8220; _builder_version=&#8220;4.27.4&#8243; _module_preset=&#8220;default&#8220; global_colors_info=&#8220;{}&#8220;][\/et_pb_gallery][et_pb_gallery gallery_ids=&#8220;33777,35355&#8243; fullwidth=&#8220;on&#8220; _builder_version=&#8220;4.27.4&#8243; _module_preset=&#8220;default&#8220; global_colors_info=&#8220;{}&#8220;][\/et_pb_gallery][\/et_pb_column][\/et_pb_row][\/et_pb_section][et_pb_section fb_built=&#8220;1&#8243; _builder_version=&#8220;4.27.4&#8243; background_enable_color=&#8220;off&#8220; custom_padding=&#8220;0px|0px|0px|0px&#8220; top_divider_height=&#8220;0px&#8220; top_divider_flip=&#8220;vertical&#8220; bottom_divider_style=&#8220;wave2&#8243; bottom_divider_color=&#8220;gcid-7360370f-bdf0-493f-b1f5-2887d5b68e17&#8243; bottom_divider_height_tablet=&#8220;&#8220; bottom_divider_height_phone=&#8220;44px&#8220; bottom_divider_height_last_edited=&#8220;on|phone&#8220; global_colors_info=&#8220;{%22gcid-7360370f-bdf0-493f-b1f5-2887d5b68e17%22:%91%22bottom_divider_color%22%93}&#8220;][\/et_pb_section]<\/p>\n","protected":false},"excerpt":{"rendered":"<p>LET&#8217;S CAMP UND DAS TEAM DAHINTERDie Familie Thusg\u00e5rd Poulsen Wir sind eine Familie, die Camping lebt und atmet &#8211; und im Laufe der Jahre haben wir den Traum, Campingpl\u00e4tze zu [&hellip;]<\/p>\n","protected":false},"author":1,"featured_media":0,"parent":0,"menu_order":0,"comment_status":"closed","ping_status":"closed","template":"","meta":{"_et_pb_use_builder":"on","_et_pb_old_content":"","_et_gb_content_width":"","footnotes":""},"folder":[],"class_list":["post-35353","page","type-page","status-publish","hentry"],"yoast_head":"<!-- This site is optimized with the Yoast SEO plugin v27.2 - https:\/\/yoast.com\/product\/yoast-seo-wordpress\/ -->\n<title>\u00dcber uns - Toftum Bjerge Camping<\/title>\n<meta name=\"robots\" content=\"index, follow, max-snippet:-1, max-image-preview:large, max-video-preview:-1\" \/>\n<link rel=\"canonical\" href=\"https:\/\/toftum-bjerge.dk\/de\/ueber-uns\/\" \/>\n<meta property=\"og:locale\" content=\"de_DE\" \/>\n<meta property=\"og:type\" content=\"article\" \/>\n<meta property=\"og:title\" content=\"\u00dcber uns - Toftum Bjerge Camping\" \/>\n<meta property=\"og:description\" content=\"LET&#039;S CAMP UND DAS TEAM DAHINTERDie Familie Thusg\u00e5rd Poulsen Wir sind eine Familie, die Camping lebt und atmet - und im Laufe der Jahre haben wir den Traum, Campingpl\u00e4tze zu [&hellip;]\" \/>\n<meta property=\"og:url\" content=\"https:\/\/toftum-bjerge.dk\/de\/ueber-uns\/\" \/>\n<meta property=\"og:site_name\" content=\"Toftum Bjerge Camping\" \/>\n<meta property=\"article:modified_time\" content=\"2025-12-16T20:09:50+00:00\" \/>\n<meta name=\"twitter:card\" content=\"summary_large_image\" \/>\n<meta name=\"twitter:label1\" content=\"Gesch\u00e4tzte Lesezeit\" \/>\n\t<meta name=\"twitter:data1\" content=\"9\u00a0Minuten\" \/>\n<script type=\"application\/ld+json\" class=\"yoast-schema-graph\">{\"@context\":\"https:\/\/schema.org\",\"@graph\":[{\"@type\":\"WebPage\",\"@id\":\"https:\/\/toftum-bjerge.dk\/de\/ueber-uns\/\",\"url\":\"https:\/\/toftum-bjerge.dk\/de\/ueber-uns\/\",\"name\":\"\u00dcber uns - Toftum Bjerge Camping\",\"isPartOf\":{\"@id\":\"https:\/\/toftum-bjerge.dk\/de\/#website\"},\"datePublished\":\"2025-09-29T11:57:11+00:00\",\"dateModified\":\"2025-12-16T20:09:50+00:00\",\"breadcrumb\":{\"@id\":\"https:\/\/toftum-bjerge.dk\/de\/ueber-uns\/#breadcrumb\"},\"inLanguage\":\"de\",\"potentialAction\":[{\"@type\":\"ReadAction\",\"target\":[\"https:\/\/toftum-bjerge.dk\/de\/ueber-uns\/\"]}]},{\"@type\":\"BreadcrumbList\",\"@id\":\"https:\/\/toftum-bjerge.dk\/de\/ueber-uns\/#breadcrumb\",\"itemListElement\":[{\"@type\":\"ListItem\",\"position\":1,\"name\":\"Hjem\",\"item\":\"https:\/\/toftum-bjerge.dk\/de\/hauptseite\/\"},{\"@type\":\"ListItem\",\"position\":2,\"name\":\"\u00dcber uns\"}]},{\"@type\":\"WebSite\",\"@id\":\"https:\/\/toftum-bjerge.dk\/de\/#website\",\"url\":\"https:\/\/toftum-bjerge.dk\/de\/\",\"name\":\"Toftum Bjerge Camping\",\"description\":\"Din oase mellem fjord og skov\",\"potentialAction\":[{\"@type\":\"SearchAction\",\"target\":{\"@type\":\"EntryPoint\",\"urlTemplate\":\"https:\/\/toftum-bjerge.dk\/de\/?s={search_term_string}\"},\"query-input\":{\"@type\":\"PropertyValueSpecification\",\"valueRequired\":true,\"valueName\":\"search_term_string\"}}],\"inLanguage\":\"de\"}]}<\/script>\n<!-- \/ Yoast SEO plugin. -->","yoast_head_json":{"title":"\u00dcber uns - Toftum Bjerge Camping","robots":{"index":"index","follow":"follow","max-snippet":"max-snippet:-1","max-image-preview":"max-image-preview:large","max-video-preview":"max-video-preview:-1"},"canonical":"https:\/\/toftum-bjerge.dk\/de\/ueber-uns\/","og_locale":"de_DE","og_type":"article","og_title":"\u00dcber uns - Toftum Bjerge Camping","og_description":"LET'S CAMP UND DAS TEAM DAHINTERDie Familie Thusg\u00e5rd Poulsen Wir sind eine Familie, die Camping lebt und atmet - und im Laufe der Jahre haben wir den Traum, Campingpl\u00e4tze zu [&hellip;]","og_url":"https:\/\/toftum-bjerge.dk\/de\/ueber-uns\/","og_site_name":"Toftum Bjerge Camping","article_modified_time":"2025-12-16T20:09:50+00:00","twitter_card":"summary_large_image","twitter_misc":{"Gesch\u00e4tzte Lesezeit":"9\u00a0Minuten"},"schema":{"@context":"https:\/\/schema.org","@graph":[{"@type":"WebPage","@id":"https:\/\/toftum-bjerge.dk\/de\/ueber-uns\/","url":"https:\/\/toftum-bjerge.dk\/de\/ueber-uns\/","name":"\u00dcber uns - Toftum Bjerge Camping","isPartOf":{"@id":"https:\/\/toftum-bjerge.dk\/de\/#website"},"datePublished":"2025-09-29T11:57:11+00:00","dateModified":"2025-12-16T20:09:50+00:00","breadcrumb":{"@id":"https:\/\/toftum-bjerge.dk\/de\/ueber-uns\/#breadcrumb"},"inLanguage":"de","potentialAction":[{"@type":"ReadAction","target":["https:\/\/toftum-bjerge.dk\/de\/ueber-uns\/"]}]},{"@type":"BreadcrumbList","@id":"https:\/\/toftum-bjerge.dk\/de\/ueber-uns\/#breadcrumb","itemListElement":[{"@type":"ListItem","position":1,"name":"Hjem","item":"https:\/\/toftum-bjerge.dk\/de\/hauptseite\/"},{"@type":"ListItem","position":2,"name":"\u00dcber uns"}]},{"@type":"WebSite","@id":"https:\/\/toftum-bjerge.dk\/de\/#website","url":"https:\/\/toftum-bjerge.dk\/de\/","name":"Toftum Bjerge Camping","description":"Din oase mellem fjord og skov","potentialAction":[{"@type":"SearchAction","target":{"@type":"EntryPoint","urlTemplate":"https:\/\/toftum-bjerge.dk\/de\/?s={search_term_string}"},"query-input":{"@type":"PropertyValueSpecification","valueRequired":true,"valueName":"search_term_string"}}],"inLanguage":"de"}]}},"_links":{"self":[{"href":"https:\/\/toftum-bjerge.dk\/de\/wp-json\/wp\/v2\/pages\/35353","targetHints":{"allow":["GET"]}}],"collection":[{"href":"https:\/\/toftum-bjerge.dk\/de\/wp-json\/wp\/v2\/pages"}],"about":[{"href":"https:\/\/toftum-bjerge.dk\/de\/wp-json\/wp\/v2\/types\/page"}],"author":[{"embeddable":true,"href":"https:\/\/toftum-bjerge.dk\/de\/wp-json\/wp\/v2\/users\/1"}],"replies":[{"embeddable":true,"href":"https:\/\/toftum-bjerge.dk\/de\/wp-json\/wp\/v2\/comments?post=35353"}],"version-history":[{"count":7,"href":"https:\/\/toftum-bjerge.dk\/de\/wp-json\/wp\/v2\/pages\/35353\/revisions"}],"predecessor-version":[{"id":35424,"href":"https:\/\/toftum-bjerge.dk\/de\/wp-json\/wp\/v2\/pages\/35353\/revisions\/35424"}],"wp:attachment":[{"href":"https:\/\/toftum-bjerge.dk\/de\/wp-json\/wp\/v2\/media?parent=35353"}],"wp:term":[{"taxonomy":"folder","embeddable":true,"href":"https:\/\/toftum-bjerge.dk\/de\/wp-json\/wp\/v2\/folder?post=35353"}],"curies":[{"name":"wp","href":"https:\/\/api.w.org\/{rel}","templated":true}]}}