{"id":35390,"date":"2025-09-29T12:57:19","date_gmt":"2025-09-29T11:57:19","guid":{"rendered":"https:\/\/toftum-bjerge.dk\/faq\/"},"modified":"2025-12-16T21:10:18","modified_gmt":"2025-12-16T20:10:18","slug":"faq","status":"publish","type":"page","link":"https:\/\/toftum-bjerge.dk\/de\/faq\/","title":{"rendered":"FAQ"},"content":{"rendered":"<p>[et_pb_section fb_built=&#8220;1&#8243; custom_padding_last_edited=&#8220;on|tablet&#8220; _builder_version=&#8220;4.27.4&#8243; background_image=&#8220;https:\/\/toftum-bjerge.dk\/wp-content\/uploads\/2025\/10\/IMG_E8722-e1760517644631.jpg&#8220; height=&#8220;500px&#8220; height_tablet=&#8220;500px&#8220; height_phone=&#8220;500px&#8220; height_last_edited=&#8220;on|phone&#8220; custom_padding=&#8220;0px||350px||false|false&#8220; custom_padding_tablet=&#8220;||150px||false|false&#8220; custom_padding_phone=&#8220;||25px&#8220; bottom_divider_style=&#8220;waves2&#8243; bottom_divider_color=&#8220;#ffffff&#8220; bottom_divider_height=&#8220;150px&#8220; bottom_divider_height_tablet=&#8220;&#8220; bottom_divider_height_phone=&#8220;63px&#8220; bottom_divider_height_last_edited=&#8220;on|phone&#8220; box_shadow_style=&#8220;preset1&#8243; box_shadow_position=&#8220;inner&#8220; global_colors_info=&#8220;{%22gcid-primary-color%22:%91%22background_color_gradient_stops%22%93,%22gcid-secondary-color%22:%91%22background_color_gradient_stops%22%93,%22gcid-7360370f-bdf0-493f-b1f5-2887d5b68e17%22:%91%22background_color_gradient_stops%22%93,%22gcid-ffc7ad8e-ca9f-4ff9-9684-db89d03277e3%22:%91%22background_color_gradient_stops%22%93}&#8220;][\/et_pb_section][et_pb_section fb_built=&#8220;1&#8243; _builder_version=&#8220;4.16&#8243; custom_padding=&#8220;100px|0px|100px|0px&#8220; global_colors_info=&#8220;{}&#8220;][et_pb_row _builder_version=&#8220;4.27.4&#8243; _module_preset=&#8220;default&#8220; global_colors_info=&#8220;{}&#8220;][et_pb_column type=&#8220;4_4&#8243; _builder_version=&#8220;4.27.4&#8243; _module_preset=&#8220;default&#8220; global_colors_info=&#8220;{}&#8220;][et_pb_heading title=&#8220;Haben Sie noch Fragen?&#8220; _builder_version=&#8220;4.27.4&#8243; _module_preset=&#8220;default&#8220; title_level=&#8220;h2&#8243; title_text_align=&#8220;center&#8220; global_colors_info=&#8220;{}&#8220;][\/et_pb_heading][et_pb_text _builder_version=&#8220;4.27.4&#8243; _module_preset=&#8220;default&#8220; global_colors_info=&#8220;{}&#8220;]<\/p>\n<p>Wenn Sie zum ersten Mal bei uns campen, einen neuen Platz besuchen oder einfach nur zum ersten Mal campen, kann es sein, dass Sie viele Fragen haben. Vielleicht waren Sie schon oft bei uns, aber Sie haben etwas, bei dem Sie sich nicht sicher sind.  <\/p>\n<p>Nachfolgend finden Sie eine \u00dcbersicht \u00fcber die am h\u00e4ufigsten gestellten Fragen &#8211; wenn Sie keine Antwort auf Ihre Frage finden, wenden Sie sich bitte an die Rezeption.<\/p>\n<p>&nbsp;<\/p>\n<p>[\/et_pb_text][\/et_pb_column][\/et_pb_row][et_pb_row column_structure=&#8220;1_3,1_3,1_3&#8243; _builder_version=&#8220;4.27.4&#8243; _module_preset=&#8220;default&#8220; global_colors_info=&#8220;{}&#8220;][et_pb_column type=&#8220;1_3&#8243; _builder_version=&#8220;4.27.4&#8243; _module_preset=&#8220;default&#8220; global_colors_info=&#8220;{}&#8220;][et_pb_toggle title=&#8220;Gibt es WIFI vor Ort?&#8220; _builder_version=&#8220;4.27.4&#8243; _module_preset=&#8220;default&#8220; border_radii=&#8220;on|30px|30px|30px|30px&#8220; box_shadow_style=&#8220;preset1&#8243; global_colors_info=&#8220;{}&#8220;]<\/p>\n<p>Wi-Fi ist nicht auf dem gesamten Campingplatz verf\u00fcgbar, aber in weiten Teilen des Campingplatzes. In der N\u00e4he der Hauptgeb\u00e4ude ist die Internetverbindung am besten. <\/p>\n<p>Der Code f\u00fcr wifi: 97861330<\/p>\n<p>[\/et_pb_toggle][et_pb_toggle title=&#8220;Wie sieht es mit der Bettw\u00e4sche aus?&#8220; _builder_version=&#8220;4.27.4&#8243; _module_preset=&#8220;default&#8220; border_radii=&#8220;on|30px|30px|30px|30px&#8220; box_shadow_style=&#8220;preset1&#8243; global_colors_info=&#8220;{}&#8220;]<\/p>\n<p>Bettdecken und Kopfkissen sind in allen unseren Mietobjekten vorhanden.<\/p>\n<p>Bettw\u00e4sche kann gemietet werden &#8211; Preis DKK 125.<br \/>1 Laken, 1 Kopfkissenbezug, 1 Bettbezug und 1 Badetuch.<\/p>\n<p>[\/et_pb_toggle][et_pb_toggle title=&#8220;Sind Hunde willkommen?&#8220; _builder_version=&#8220;4.27.4&#8243; _module_preset=&#8220;default&#8220; hover_enabled=&#8220;0&#8243; border_radii=&#8220;on|30px|30px|30px|30px&#8220; box_shadow_style=&#8220;preset1&#8243; global_colors_info=&#8220;{}&#8220; sticky_enabled=&#8220;0&#8243;]<\/p>\n<p>Ja, Hunde sind sowohl auf dem Gel\u00e4nde als auch in unseren H\u00fctten und Safarizelten willkommen. In unseren Zimmern und Camps sind sie nicht willkommen.<br \/>Hunde sind in den M\u00f6beln nicht erlaubt. Wenn Sie beim Gassi gehen mit Ihrem Hund einen Unfall haben, heben Sie ihn bitte auf. Auf dem Campingplatz muss der Hund an der Leine oder hinter einem Zaun sein.<br \/>Wir haben einen Hundeauslaufbereich, wo Sie Ihren Hund ohne Leine ausf\u00fchren k\u00f6nnen.   <\/p>\n<p>[\/et_pb_toggle][\/et_pb_column][et_pb_column type=&#8220;1_3&#8243; _builder_version=&#8220;4.27.4&#8243; _module_preset=&#8220;default&#8220; global_colors_info=&#8220;{}&#8220;][et_pb_toggle title=&#8220;Einchecken\/Auschecken?&#8220; _builder_version=&#8220;4.27.4&#8243; _module_preset=&#8220;default&#8220; border_radii=&#8220;on|30px|30px|30px|30px&#8220; box_shadow_style=&#8220;preset1&#8243; global_colors_info=&#8220;{}&#8220;]<\/p>\n<p>Die Mieteinheiten k\u00f6nnen um 15:00 Uhr betreten werden und m\u00fcssen bis 11:00 Uhr verlassen werden.<\/p>\n<p>Der Stellplatz wird w\u00e4hrend der \u00d6ffnungszeiten des Kiosks bezahlt und muss bis 14:00 Uhr ger\u00e4umt werden. Wenn Sie au\u00dferhalb der \u00d6ffnungszeiten der Rezeption ankommen, k\u00f6nnen Sie gerne mit dem Auto anreisen, sich einen Platz auf dem Feld suchen und dann w\u00e4hrend der \u00d6ffnungszeiten einchecken.<\/p>\n<p>[\/et_pb_toggle][et_pb_toggle title=&#8220;Wir kommen zu sp\u00e4t &#8211; was sollen wir tun?&#8220; _builder_version=&#8220;4.27.4&#8243; _module_preset=&#8220;default&#8220; border_radii=&#8220;on|30px|30px|30px|30px&#8220; box_shadow_style=&#8220;preset1&#8243; global_colors_info=&#8220;{}&#8220;]<\/p>\n<p data-start=\"121\" data-end=\"448\"><strong data-start=\"121\" data-end=\"149\">Ankunft nach den \u00d6ffnungszeiten<\/strong><br data-start=\"149\" data-end=\"152\">Wenn Sie eine Mieteinheit gebucht haben und nach der Schlie\u00dfzeit der Rezeption ankommen, finden Sie im Schl\u00fcsselkasten einen Umschlag mit Ihrem Namen. Der Umschlag enth\u00e4lt den Schl\u00fcssel, die Boom Card und den Lageplan.<br data-start=\"331\" data-end=\"334\">Bitte beachten Sie, dass Autos nach 23:00 Uhr nicht mehr auf den Parkplatz fahren d\u00fcrfen. Wenn Sie sp\u00e4ter ankommen, parken Sie bitte an der Rezeption. <\/p>\n<p data-start=\"450\" data-end=\"623\">Wenn Sie Ihren eigenen Wohnwagen, Ihr Wohnmobil oder Ihr Zelt mitbringen, k\u00f6nnen Sie den Platz bis 23:00 Uhr betreten. Nach dieser Zeit ist es nur noch m\u00f6glich, in den Wohnwagenpark zu fahren.<\/p>\n<p>[\/et_pb_toggle][et_pb_toggle title=&#8220;Fr\u00fchst\u00fcck?&#8220; _builder_version=&#8220;4.27.4&#8243; _module_preset=&#8220;default&#8220; border_radii=&#8220;on|30px|30px|30px|30px&#8220; box_shadow_style=&#8220;preset1&#8243; global_colors_info=&#8220;{}&#8220;]<\/p>\n<p><span>Sie k\u00f6nnen Fr\u00fchst\u00fccksbrot f\u00fcr den n\u00e4chsten Tag bestellen. Das Brot steht um 8 Uhr morgens zur Abholung bereit. Sie k\u00f6nnen auch ein Fr\u00fchst\u00fcckstablett bestellen, das aus 2 Br\u00f6tchen mit Butter, Aufschnitt, Kaffee, Saft und einer Morgentasse besteht. Preis 85 kr.  <\/span><\/p>\n<p>[\/et_pb_toggle][\/et_pb_column][et_pb_column type=&#8220;1_3&#8243; _builder_version=&#8220;4.27.4&#8243; _module_preset=&#8220;default&#8220; global_colors_info=&#8220;{}&#8220;][et_pb_toggle title=&#8220;Kaffeehaus&#8220; _builder_version=&#8220;4.27.4&#8243; _module_preset=&#8220;default&#8220; border_radii=&#8220;on|30px|30px|30px|30px&#8220; box_shadow_style=&#8220;preset1&#8243; global_colors_info=&#8220;{}&#8220;]<\/p>\n<p>&nbsp;<\/p>\n<h5 class=\"et_pb_toggle_title agsdi-loaded\">Das Caf\u00e9 ist von April bis Mitte Oktober ge\u00f6ffnet, allerdings nur freitags und samstags. Es ist auch in den Ferien und an Feiertagen ge\u00f6ffnet.<br \/>Ge\u00f6ffnet von 17:00 bis 20:00 Uhr. <\/h5>\n<p>&nbsp;<\/p>\n<p>[\/et_pb_toggle][et_pb_toggle title=&#8220;K\u00f6nnen wir die Ziegen f\u00fcttern?&#8220; _builder_version=&#8220;4.27.4&#8243; _module_preset=&#8220;default&#8220; border_radii=&#8220;on|30px|30px|30px|30px&#8220; box_shadow_style=&#8220;preset1&#8243; global_colors_info=&#8220;{}&#8220;]<\/p>\n<p>Ja, das k\u00f6nnen Sie, aber denken Sie daran, dass Ziegen Wiederk\u00e4uer sind und Zweige und Gem\u00fcse brauchen. Wei\u00dfbrot ist f\u00fcr sie wie S\u00fc\u00dfigkeiten und ihre M\u00e4gen vertragen nicht viel davon. <\/p>\n<p>[\/et_pb_toggle][et_pb_toggle title=&#8220;Wo befinden Sie sich?&#8220; _builder_version=&#8220;4.27.4&#8243; _module_preset=&#8220;default&#8220; border_radii=&#8220;on|30px|30px|30px|30px&#8220; box_shadow_style=&#8220;preset1&#8243; global_colors_info=&#8220;{}&#8220;]<\/p>\n<p>Toftum Bjerge Camping liegt <strong data-start=\"29\" data-end=\"61\">im Zentrum von Toftum Bjerge<\/strong>, einem bekannten Naturgebiet am <strong data-start=\"101\" data-end=\"115\">Limfjord<\/strong> in Westj\u00fctland &#8211; in der N\u00e4he der Stadt <strong data-start=\"141\" data-end=\"151\">Humlum<\/strong> und etwa 10-12 km n\u00f6rdlich von <strong data-start=\"177\" data-end=\"187\">Struer<\/strong>.<\/p>\n<p>[\/et_pb_toggle][\/et_pb_column][\/et_pb_row][et_pb_row _builder_version=&#8220;4.16&#8243; background_size=&#8220;initial&#8220; background_position=&#8220;top_left&#8220; background_repeat=&#8220;repeat&#8220; custom_padding=&#8220;50px|0px|65px|0px||&#8220; global_colors_info=&#8220;{}&#8220;][et_pb_column type=&#8220;4_4&#8243; _builder_version=&#8220;4.16&#8243; custom_padding=&#8220;|||&#8220; global_colors_info=&#8220;{}&#8220; custom_padding__hover=&#8220;|||&#8220;][et_pb_text _builder_version=&#8220;4.27.4&#8243; header_2_font=&#8220;|800|||||||&#8220; header_2_text_align=&#8220;center&#8220; header_2_text_color=&#8220;#ffffff&#8220; header_2_font_size=&#8220;60px&#8220; background_layout=&#8220;dark&#8220; custom_margin=&#8220;||16px|||&#8220; animation_style=&#8220;slide&#8220; animation_direction=&#8220;bottom&#8220; header_2_font_size_tablet=&#8220;&#8220; header_2_font_size_phone=&#8220;30px&#8220; header_2_font_size_last_edited=&#8220;on|phone&#8220; header_2_text_shadow_style=&#8220;preset2&#8243; header_2_text_shadow_horizontal_length=&#8220;0em&#8220; header_2_text_shadow_vertical_length=&#8220;0.1em&#8220; header_2_text_shadow_blur_strength=&#8220;0.1em&#8220; header_2_text_shadow_color=&#8220;rgba(0,0,0,0.3)&#8220; global_colors_info=&#8220;{}&#8220;]<\/p>\n<h2>FAQ<\/h2>\n<p>[\/et_pb_text][\/et_pb_column][\/et_pb_row][\/et_pb_section][et_pb_section fb_built=&#8220;1&#8243; _builder_version=&#8220;4.27.4&#8243; background_enable_color=&#8220;off&#8220; custom_padding=&#8220;0px|0px|0px|0px&#8220; top_divider_height=&#8220;0px&#8220; top_divider_flip=&#8220;vertical&#8220; bottom_divider_style=&#8220;wave2&#8243; bottom_divider_color=&#8220;gcid-7360370f-bdf0-493f-b1f5-2887d5b68e17&#8243; bottom_divider_height_tablet=&#8220;&#8220; bottom_divider_height_phone=&#8220;44px&#8220; bottom_divider_height_last_edited=&#8220;on|phone&#8220; global_colors_info=&#8220;{%22gcid-7360370f-bdf0-493f-b1f5-2887d5b68e17%22:%91%22bottom_divider_color%22%93}&#8220;][\/et_pb_section]<\/p>\n","protected":false},"excerpt":{"rendered":"<p>Wenn Sie zum ersten Mal bei uns campen, einen neuen Platz besuchen oder einfach nur zum ersten Mal campen, kann es sein, dass Sie viele Fragen haben. Vielleicht waren Sie [&hellip;]<\/p>\n","protected":false},"author":1,"featured_media":0,"parent":0,"menu_order":0,"comment_status":"closed","ping_status":"closed","template":"","meta":{"_et_pb_use_builder":"on","_et_pb_old_content":"","_et_gb_content_width":"","footnotes":""},"folder":[],"class_list":["post-35390","page","type-page","status-publish","hentry"],"yoast_head":"<!-- This site is optimized with the Yoast SEO plugin v27.2 - https:\/\/yoast.com\/product\/yoast-seo-wordpress\/ -->\n<title>FAQ - Toftum Bjerge Camping<\/title>\n<meta name=\"robots\" content=\"index, follow, max-snippet:-1, max-image-preview:large, max-video-preview:-1\" \/>\n<link rel=\"canonical\" href=\"https:\/\/toftum-bjerge.dk\/de\/faq\/\" \/>\n<meta property=\"og:locale\" content=\"de_DE\" \/>\n<meta property=\"og:type\" content=\"article\" \/>\n<meta property=\"og:title\" content=\"FAQ - Toftum Bjerge Camping\" \/>\n<meta property=\"og:description\" content=\"Wenn Sie zum ersten Mal bei uns campen, einen neuen Platz besuchen oder einfach nur zum ersten Mal campen, kann es sein, dass Sie viele Fragen haben. Vielleicht waren Sie [&hellip;]\" \/>\n<meta property=\"og:url\" content=\"https:\/\/toftum-bjerge.dk\/de\/faq\/\" \/>\n<meta property=\"og:site_name\" content=\"Toftum Bjerge Camping\" \/>\n<meta property=\"article:modified_time\" content=\"2025-12-16T20:10:18+00:00\" \/>\n<meta name=\"twitter:card\" content=\"summary_large_image\" \/>\n<meta name=\"twitter:label1\" content=\"Gesch\u00e4tzte Lesezeit\" \/>\n\t<meta name=\"twitter:data1\" content=\"6\u00a0Minuten\" \/>\n<script type=\"application\/ld+json\" class=\"yoast-schema-graph\">{\"@context\":\"https:\/\/schema.org\",\"@graph\":[{\"@type\":\"WebPage\",\"@id\":\"https:\/\/toftum-bjerge.dk\/de\/faq\/\",\"url\":\"https:\/\/toftum-bjerge.dk\/de\/faq\/\",\"name\":\"FAQ - Toftum Bjerge Camping\",\"isPartOf\":{\"@id\":\"https:\/\/toftum-bjerge.dk\/de\/#website\"},\"datePublished\":\"2025-09-29T11:57:19+00:00\",\"dateModified\":\"2025-12-16T20:10:18+00:00\",\"breadcrumb\":{\"@id\":\"https:\/\/toftum-bjerge.dk\/de\/faq\/#breadcrumb\"},\"inLanguage\":\"de\",\"potentialAction\":[{\"@type\":\"ReadAction\",\"target\":[\"https:\/\/toftum-bjerge.dk\/de\/faq\/\"]}]},{\"@type\":\"BreadcrumbList\",\"@id\":\"https:\/\/toftum-bjerge.dk\/de\/faq\/#breadcrumb\",\"itemListElement\":[{\"@type\":\"ListItem\",\"position\":1,\"name\":\"Hjem\",\"item\":\"https:\/\/toftum-bjerge.dk\/de\/hauptseite\/\"},{\"@type\":\"ListItem\",\"position\":2,\"name\":\"FAQ\"}]},{\"@type\":\"WebSite\",\"@id\":\"https:\/\/toftum-bjerge.dk\/de\/#website\",\"url\":\"https:\/\/toftum-bjerge.dk\/de\/\",\"name\":\"Toftum Bjerge Camping\",\"description\":\"Din oase mellem fjord og skov\",\"potentialAction\":[{\"@type\":\"SearchAction\",\"target\":{\"@type\":\"EntryPoint\",\"urlTemplate\":\"https:\/\/toftum-bjerge.dk\/de\/?s={search_term_string}\"},\"query-input\":{\"@type\":\"PropertyValueSpecification\",\"valueRequired\":true,\"valueName\":\"search_term_string\"}}],\"inLanguage\":\"de\"}]}<\/script>\n<!-- \/ Yoast SEO plugin. -->","yoast_head_json":{"title":"FAQ - Toftum Bjerge Camping","robots":{"index":"index","follow":"follow","max-snippet":"max-snippet:-1","max-image-preview":"max-image-preview:large","max-video-preview":"max-video-preview:-1"},"canonical":"https:\/\/toftum-bjerge.dk\/de\/faq\/","og_locale":"de_DE","og_type":"article","og_title":"FAQ - Toftum Bjerge Camping","og_description":"Wenn Sie zum ersten Mal bei uns campen, einen neuen Platz besuchen oder einfach nur zum ersten Mal campen, kann es sein, dass Sie viele Fragen haben. Vielleicht waren Sie [&hellip;]","og_url":"https:\/\/toftum-bjerge.dk\/de\/faq\/","og_site_name":"Toftum Bjerge Camping","article_modified_time":"2025-12-16T20:10:18+00:00","twitter_card":"summary_large_image","twitter_misc":{"Gesch\u00e4tzte Lesezeit":"6\u00a0Minuten"},"schema":{"@context":"https:\/\/schema.org","@graph":[{"@type":"WebPage","@id":"https:\/\/toftum-bjerge.dk\/de\/faq\/","url":"https:\/\/toftum-bjerge.dk\/de\/faq\/","name":"FAQ - Toftum Bjerge Camping","isPartOf":{"@id":"https:\/\/toftum-bjerge.dk\/de\/#website"},"datePublished":"2025-09-29T11:57:19+00:00","dateModified":"2025-12-16T20:10:18+00:00","breadcrumb":{"@id":"https:\/\/toftum-bjerge.dk\/de\/faq\/#breadcrumb"},"inLanguage":"de","potentialAction":[{"@type":"ReadAction","target":["https:\/\/toftum-bjerge.dk\/de\/faq\/"]}]},{"@type":"BreadcrumbList","@id":"https:\/\/toftum-bjerge.dk\/de\/faq\/#breadcrumb","itemListElement":[{"@type":"ListItem","position":1,"name":"Hjem","item":"https:\/\/toftum-bjerge.dk\/de\/hauptseite\/"},{"@type":"ListItem","position":2,"name":"FAQ"}]},{"@type":"WebSite","@id":"https:\/\/toftum-bjerge.dk\/de\/#website","url":"https:\/\/toftum-bjerge.dk\/de\/","name":"Toftum Bjerge Camping","description":"Din oase mellem fjord og skov","potentialAction":[{"@type":"SearchAction","target":{"@type":"EntryPoint","urlTemplate":"https:\/\/toftum-bjerge.dk\/de\/?s={search_term_string}"},"query-input":{"@type":"PropertyValueSpecification","valueRequired":true,"valueName":"search_term_string"}}],"inLanguage":"de"}]}},"_links":{"self":[{"href":"https:\/\/toftum-bjerge.dk\/de\/wp-json\/wp\/v2\/pages\/35390","targetHints":{"allow":["GET"]}}],"collection":[{"href":"https:\/\/toftum-bjerge.dk\/de\/wp-json\/wp\/v2\/pages"}],"about":[{"href":"https:\/\/toftum-bjerge.dk\/de\/wp-json\/wp\/v2\/types\/page"}],"author":[{"embeddable":true,"href":"https:\/\/toftum-bjerge.dk\/de\/wp-json\/wp\/v2\/users\/1"}],"replies":[{"embeddable":true,"href":"https:\/\/toftum-bjerge.dk\/de\/wp-json\/wp\/v2\/comments?post=35390"}],"version-history":[{"count":5,"href":"https:\/\/toftum-bjerge.dk\/de\/wp-json\/wp\/v2\/pages\/35390\/revisions"}],"predecessor-version":[{"id":35502,"href":"https:\/\/toftum-bjerge.dk\/de\/wp-json\/wp\/v2\/pages\/35390\/revisions\/35502"}],"wp:attachment":[{"href":"https:\/\/toftum-bjerge.dk\/de\/wp-json\/wp\/v2\/media?parent=35390"}],"wp:term":[{"taxonomy":"folder","embeddable":true,"href":"https:\/\/toftum-bjerge.dk\/de\/wp-json\/wp\/v2\/folder?post=35390"}],"curies":[{"name":"wp","href":"https:\/\/api.w.org\/{rel}","templated":true}]}}