{"id":35402,"date":"2025-09-28T14:53:22","date_gmt":"2025-09-28T13:53:22","guid":{"rendered":"https:\/\/toftum-bjerge.dk\/wander-und-radfahrrouten\/"},"modified":"2025-12-16T21:11:19","modified_gmt":"2025-12-16T20:11:19","slug":"wander-und-radfahrrouten","status":"publish","type":"page","link":"https:\/\/toftum-bjerge.dk\/de\/sehenswertes\/wander-und-radfahrrouten\/","title":{"rendered":"Wander- und Radfahrrouten"},"content":{"rendered":"<p>[et_pb_section fb_built=&#8220;1&#8243; custom_padding_last_edited=&#8220;on|tablet&#8220; _builder_version=&#8220;4.27.4&#8243; background_image=&#8220;https:\/\/toftum-bjerge.dk\/wp-content\/uploads\/2025\/10\/Toftum-2.jpg&#8220; height=&#8220;500px&#8220; height_tablet=&#8220;500px&#8220; height_phone=&#8220;500px&#8220; height_last_edited=&#8220;on|phone&#8220; custom_padding=&#8220;0px||350px||false|false&#8220; custom_padding_tablet=&#8220;||150px||false|false&#8220; custom_padding_phone=&#8220;||25px&#8220; bottom_divider_style=&#8220;waves2&#8243; bottom_divider_color=&#8220;#ffffff&#8220; bottom_divider_height=&#8220;150px&#8220; bottom_divider_height_tablet=&#8220;&#8220; bottom_divider_height_phone=&#8220;63px&#8220; bottom_divider_height_last_edited=&#8220;on|phone&#8220; box_shadow_style=&#8220;preset1&#8243; box_shadow_position=&#8220;inner&#8220; global_colors_info=&#8220;{%22gcid-primary-color%22:%91%22background_color_gradient_stops%22%93,%22gcid-secondary-color%22:%91%22background_color_gradient_stops%22%93,%22gcid-7360370f-bdf0-493f-b1f5-2887d5b68e17%22:%91%22background_color_gradient_stops%22%93,%22gcid-ffc7ad8e-ca9f-4ff9-9684-db89d03277e3%22:%91%22background_color_gradient_stops%22%93}&#8220;][et_pb_row _builder_version=&#8220;4.16&#8243; background_size=&#8220;initial&#8220; background_position=&#8220;top_left&#8220; background_repeat=&#8220;repeat&#8220; custom_padding=&#8220;50px|0px|65px|0px||&#8220; global_colors_info=&#8220;{}&#8220;][et_pb_column type=&#8220;4_4&#8243; _builder_version=&#8220;4.16&#8243; custom_padding=&#8220;|||&#8220; global_colors_info=&#8220;{}&#8220; custom_padding__hover=&#8220;|||&#8220;][et_pb_text _builder_version=&#8220;4.27.4&#8243; header_2_font=&#8220;|800|||||||&#8220; header_2_text_align=&#8220;center&#8220; header_2_text_color=&#8220;#ffffff&#8220; header_2_font_size=&#8220;60px&#8220; background_layout=&#8220;dark&#8220; custom_margin=&#8220;||20px|&#8220; animation_style=&#8220;slide&#8220; animation_direction=&#8220;bottom&#8220; header_2_font_size_tablet=&#8220;&#8220; header_2_font_size_phone=&#8220;30px&#8220; header_2_font_size_last_edited=&#8220;on|phone&#8220; header_2_text_shadow_style=&#8220;preset2&#8243; header_2_text_shadow_horizontal_length=&#8220;0em&#8220; header_2_text_shadow_vertical_length=&#8220;0.1em&#8220; header_2_text_shadow_blur_strength=&#8220;0.1em&#8220; header_2_text_shadow_color=&#8220;rgba(0,0,0,0.3)&#8220; global_colors_info=&#8220;{}&#8220;]<\/p>\n<h2>WANDER- UND FAHRRADROUTEN<\/h2>\n<p>[\/et_pb_text][\/et_pb_column][\/et_pb_row][\/et_pb_section][et_pb_section fb_built=&#8220;1&#8243; _builder_version=&#8220;4.16&#8243; custom_padding=&#8220;100px|0px|100px|0px&#8220; global_colors_info=&#8220;{}&#8220;][et_pb_row _builder_version=&#8220;4.27.4&#8243; _module_preset=&#8220;default&#8220; global_colors_info=&#8220;{}&#8220;][et_pb_column type=&#8220;4_4&#8243; _builder_version=&#8220;4.27.4&#8243; _module_preset=&#8220;default&#8220; global_colors_info=&#8220;{}&#8220;][et_pb_text _builder_version=&#8220;4.27.4&#8243; _module_preset=&#8220;default&#8220; global_colors_info=&#8220;{}&#8220;]<\/p>\n<h3 data-start=\"225\" data-end=\"269\">Radfahren und Wandern in Toftum Bjerge<\/h3>\n<p data-start=\"271\" data-end=\"315\"><strong data-start=\"271\" data-end=\"313\">Naturerlebnisse auf zwei R\u00e4dern und zu Fu\u00df<\/strong><\/p>\n<p data-start=\"317\" data-end=\"545\">Toftum Bjerge und die Umgebung bieten eine F\u00fclle von M\u00f6glichkeiten f\u00fcr Radfahrer und Wanderer. Die h\u00fcgelige Gletscherlandschaft der Region mit ihren Abh\u00e4ngen, H\u00fcgeln, W\u00e4ldern und offenen Fl\u00e4chen bietet eine fantastische Kulisse f\u00fcr kurze Ausfl\u00fcge und l\u00e4ngere Erlebnisse. <\/p>\n<p data-start=\"547\" data-end=\"565\"><strong>Wanderrouten<\/strong><\/p>\n<p data-start=\"566\" data-end=\"972\">Es gibt mehrere markierte Wanderrouten, die Sie durch <strong data-start=\"628\" data-end=\"673\">W\u00e4lder, \u00fcber H\u00fcgel und entlang der Ufer des Limfjords<\/strong> f\u00fchren, wo die Aussicht auf den Fjord atemberaubend ist. Die Touren variieren in L\u00e4nge und Schwierigkeitsgrad, so dass sowohl Familien als auch erfahrenere Wanderer geeignete Routen finden. Unterwegs entdecken Sie die reiche Flora und Fauna der Region, historische Spuren und alte Pfade, die einst von lokalen K\u00fcnstlern als Inspiration genutzt wurden.  <\/p>\n<p data-start=\"974\" data-end=\"991\"><strong>Fahrradrouten<\/strong><\/p>\n<p data-start=\"992\" data-end=\"1388\">Die Gegend eignet sich hervorragend zum Radfahren, sowohl mit normalen Fahrr\u00e4dern als auch mit Mountainbikes. Die Routen sind abwechslungsreich und bieten alles von <g id=\"gid_0\">ruhigen Landstra\u00dfen und Wegen entlang des Limfjords<\/g> bis hin zu <g id=\"gid_1\">technisch anspruchsvollen Mountainbike-Strecken in Klosterheden<\/g>, das in der N\u00e4he von Toftum Bjerge liegt. Klosterheden ist bekannt f\u00fcr seine Waldwege, H\u00fcgel und speziell angelegten MTB-Strecken, die sowohl Anf\u00e4nger als auch erfahrene Fahrer herausfordern.  <\/p>\n<p data-start=\"1390\" data-end=\"1427\"><strong>Tipps f\u00fcr Radfahrer und Wanderer<\/strong><\/p>\n<ul data-start=\"1428\" data-end=\"1730\">\n<li data-start=\"1428\" data-end=\"1493\">\n<p data-start=\"1430\" data-end=\"1493\">Bringen Sie immer Wasser, ein Lunchpaket und geeignetes Schuhwerk\/Radausr\u00fcstung mit.<\/p>\n<\/li>\n<li data-start=\"1494\" data-end=\"1569\">\n<p data-start=\"1496\" data-end=\"1569\">Folgen Sie den markierten Pfaden, um die Natur zu sch\u00fctzen und einen sicheren Ausflug zu gew\u00e4hrleisten.<\/p>\n<\/li>\n<li data-start=\"1570\" data-end=\"1730\">\n<p data-start=\"1572\" data-end=\"1730\">Nutzen Sie die Gelegenheit, Radfahren oder Wandern mit einem Besuch des Limfjords zu verbinden, wo der Blick auf den Fjord dem Erlebnis eine zus\u00e4tzliche Dimension verleiht.<\/p>\n<\/li>\n<\/ul>\n<p data-start=\"1732\" data-end=\"1962\">Toftum Bjerge ist der ideale Ausgangspunkt f\u00fcr einen <strong data-start=\"1778\" data-end=\"1795\">Aktivurlaub<\/strong>, bei dem Natur, Bewegung und sch\u00f6ne Aussichten Hand in Hand gehen. Hier k\u00f6nnen Sie wandern, Rad fahren und die eiszeitliche Landschaft auf eine Weise erkunden, die sowohl Entspannung als auch Abenteuer bietet. <\/p>\n<p>[\/et_pb_text][et_pb_image src=&#8220;https:\/\/toftum-bjerge.dk\/wp-content\/uploads\/2025\/12\/Gaature-lod.jpg&#8220; title_text=&#8220;Wanderweg&#8220; show_in_lightbox=&#8220;on&#8220; align=&#8220;center&#8220; _builder_version=&#8220;4.27.4&#8243; _module_preset=&#8220;default&#8220; hover_enabled=&#8220;0&#8243; global_colors_info=&#8220;{}&#8220; sticky_enabled=&#8220;0&#8243;][\/et_pb_image][\/et_pb_column][\/et_pb_row][\/et_pb_section][et_pb_section fb_built=&#8220;1&#8243; _builder_version=&#8220;4.27.4&#8243; background_enable_color=&#8220;off&#8220; custom_padding=&#8220;0px|0px|0px|0px&#8220; top_divider_height=&#8220;0px&#8220; top_divider_flip=&#8220;vertical&#8220; bottom_divider_style=&#8220;wave2&#8243; bottom_divider_color=&#8220;gcid-7360370f-bdf0-493f-b1f5-2887d5b68e17&#8243; bottom_divider_height_tablet=&#8220;&#8220; bottom_divider_height_phone=&#8220;44px&#8220; bottom_divider_height_last_edited=&#8220;on|phone&#8220; global_colors_info=&#8220;{%22gcid-7360370f-bdf0-493f-b1f5-2887d5b68e17%22:%91%22bottom_divider_color%22%93}&#8220;][\/et_pb_section]<\/p>\n","protected":false},"excerpt":{"rendered":"<p>WANDER- UND FAHRRADROUTENRadfahren und Wandern in Toftum Bjerge Naturerlebnisse auf zwei R\u00e4dern und zu Fu\u00df Toftum Bjerge und die Umgebung bieten eine F\u00fclle von M\u00f6glichkeiten f\u00fcr Radfahrer und Wanderer. Die [&hellip;]<\/p>\n","protected":false},"author":1,"featured_media":0,"parent":35592,"menu_order":0,"comment_status":"closed","ping_status":"closed","template":"","meta":{"_et_pb_use_builder":"on","_et_pb_old_content":"","_et_gb_content_width":"","footnotes":""},"folder":[],"class_list":["post-35402","page","type-page","status-publish","hentry"],"yoast_head":"<!-- This site is optimized with the Yoast SEO plugin v27.2 - https:\/\/yoast.com\/product\/yoast-seo-wordpress\/ -->\n<title>Wander- und Radfahrrouten - Toftum Bjerge Camping<\/title>\n<meta name=\"robots\" content=\"index, follow, max-snippet:-1, max-image-preview:large, max-video-preview:-1\" \/>\n<link rel=\"canonical\" href=\"https:\/\/toftum-bjerge.dk\/de\/sehenswertes\/wander-und-radfahrrouten\/\" \/>\n<meta property=\"og:locale\" content=\"de_DE\" \/>\n<meta property=\"og:type\" content=\"article\" \/>\n<meta property=\"og:title\" content=\"Wander- und Radfahrrouten - Toftum Bjerge Camping\" \/>\n<meta property=\"og:description\" content=\"WANDER- UND FAHRRADROUTENRadfahren und Wandern in Toftum Bjerge Naturerlebnisse auf zwei R\u00e4dern und zu Fu\u00df Toftum Bjerge und die Umgebung bieten eine F\u00fclle von M\u00f6glichkeiten f\u00fcr Radfahrer und Wanderer. Die [&hellip;]\" \/>\n<meta property=\"og:url\" content=\"https:\/\/toftum-bjerge.dk\/de\/sehenswertes\/wander-und-radfahrrouten\/\" \/>\n<meta property=\"og:site_name\" content=\"Toftum Bjerge Camping\" \/>\n<meta property=\"article:modified_time\" content=\"2025-12-16T20:11:19+00:00\" \/>\n<meta name=\"twitter:card\" content=\"summary_large_image\" \/>\n<meta name=\"twitter:label1\" content=\"Gesch\u00e4tzte Lesezeit\" \/>\n\t<meta name=\"twitter:data1\" content=\"4\u00a0Minuten\" \/>\n<script type=\"application\/ld+json\" class=\"yoast-schema-graph\">{\"@context\":\"https:\/\/schema.org\",\"@graph\":[{\"@type\":\"WebPage\",\"@id\":\"https:\/\/toftum-bjerge.dk\/de\/sehenswertes\/wander-und-radfahrrouten\/\",\"url\":\"https:\/\/toftum-bjerge.dk\/de\/sehenswertes\/wander-und-radfahrrouten\/\",\"name\":\"Wander- und Radfahrrouten - Toftum Bjerge Camping\",\"isPartOf\":{\"@id\":\"https:\/\/toftum-bjerge.dk\/de\/#website\"},\"datePublished\":\"2025-09-28T13:53:22+00:00\",\"dateModified\":\"2025-12-16T20:11:19+00:00\",\"breadcrumb\":{\"@id\":\"https:\/\/toftum-bjerge.dk\/de\/sehenswertes\/wander-und-radfahrrouten\/#breadcrumb\"},\"inLanguage\":\"de\",\"potentialAction\":[{\"@type\":\"ReadAction\",\"target\":[\"https:\/\/toftum-bjerge.dk\/de\/sehenswertes\/wander-und-radfahrrouten\/\"]}]},{\"@type\":\"BreadcrumbList\",\"@id\":\"https:\/\/toftum-bjerge.dk\/de\/sehenswertes\/wander-und-radfahrrouten\/#breadcrumb\",\"itemListElement\":[{\"@type\":\"ListItem\",\"position\":1,\"name\":\"Hjem\",\"item\":\"https:\/\/toftum-bjerge.dk\/de\/hauptseite\/\"},{\"@type\":\"ListItem\",\"position\":2,\"name\":\"Sehenswertes\",\"item\":\"https:\/\/toftum-bjerge.dk\/de\/sehenswertes\/\"},{\"@type\":\"ListItem\",\"position\":3,\"name\":\"Wander- und Radfahrrouten\"}]},{\"@type\":\"WebSite\",\"@id\":\"https:\/\/toftum-bjerge.dk\/de\/#website\",\"url\":\"https:\/\/toftum-bjerge.dk\/de\/\",\"name\":\"Toftum Bjerge Camping\",\"description\":\"Din oase mellem fjord og skov\",\"potentialAction\":[{\"@type\":\"SearchAction\",\"target\":{\"@type\":\"EntryPoint\",\"urlTemplate\":\"https:\/\/toftum-bjerge.dk\/de\/?s={search_term_string}\"},\"query-input\":{\"@type\":\"PropertyValueSpecification\",\"valueRequired\":true,\"valueName\":\"search_term_string\"}}],\"inLanguage\":\"de\"}]}<\/script>\n<!-- \/ Yoast SEO plugin. -->","yoast_head_json":{"title":"Wander- und Radfahrrouten - Toftum Bjerge Camping","robots":{"index":"index","follow":"follow","max-snippet":"max-snippet:-1","max-image-preview":"max-image-preview:large","max-video-preview":"max-video-preview:-1"},"canonical":"https:\/\/toftum-bjerge.dk\/de\/sehenswertes\/wander-und-radfahrrouten\/","og_locale":"de_DE","og_type":"article","og_title":"Wander- und Radfahrrouten - Toftum Bjerge Camping","og_description":"WANDER- UND FAHRRADROUTENRadfahren und Wandern in Toftum Bjerge Naturerlebnisse auf zwei R\u00e4dern und zu Fu\u00df Toftum Bjerge und die Umgebung bieten eine F\u00fclle von M\u00f6glichkeiten f\u00fcr Radfahrer und Wanderer. Die [&hellip;]","og_url":"https:\/\/toftum-bjerge.dk\/de\/sehenswertes\/wander-und-radfahrrouten\/","og_site_name":"Toftum Bjerge Camping","article_modified_time":"2025-12-16T20:11:19+00:00","twitter_card":"summary_large_image","twitter_misc":{"Gesch\u00e4tzte Lesezeit":"4\u00a0Minuten"},"schema":{"@context":"https:\/\/schema.org","@graph":[{"@type":"WebPage","@id":"https:\/\/toftum-bjerge.dk\/de\/sehenswertes\/wander-und-radfahrrouten\/","url":"https:\/\/toftum-bjerge.dk\/de\/sehenswertes\/wander-und-radfahrrouten\/","name":"Wander- und Radfahrrouten - Toftum Bjerge Camping","isPartOf":{"@id":"https:\/\/toftum-bjerge.dk\/de\/#website"},"datePublished":"2025-09-28T13:53:22+00:00","dateModified":"2025-12-16T20:11:19+00:00","breadcrumb":{"@id":"https:\/\/toftum-bjerge.dk\/de\/sehenswertes\/wander-und-radfahrrouten\/#breadcrumb"},"inLanguage":"de","potentialAction":[{"@type":"ReadAction","target":["https:\/\/toftum-bjerge.dk\/de\/sehenswertes\/wander-und-radfahrrouten\/"]}]},{"@type":"BreadcrumbList","@id":"https:\/\/toftum-bjerge.dk\/de\/sehenswertes\/wander-und-radfahrrouten\/#breadcrumb","itemListElement":[{"@type":"ListItem","position":1,"name":"Hjem","item":"https:\/\/toftum-bjerge.dk\/de\/hauptseite\/"},{"@type":"ListItem","position":2,"name":"Sehenswertes","item":"https:\/\/toftum-bjerge.dk\/de\/sehenswertes\/"},{"@type":"ListItem","position":3,"name":"Wander- und Radfahrrouten"}]},{"@type":"WebSite","@id":"https:\/\/toftum-bjerge.dk\/de\/#website","url":"https:\/\/toftum-bjerge.dk\/de\/","name":"Toftum Bjerge Camping","description":"Din oase mellem fjord og skov","potentialAction":[{"@type":"SearchAction","target":{"@type":"EntryPoint","urlTemplate":"https:\/\/toftum-bjerge.dk\/de\/?s={search_term_string}"},"query-input":{"@type":"PropertyValueSpecification","valueRequired":true,"valueName":"search_term_string"}}],"inLanguage":"de"}]}},"_links":{"self":[{"href":"https:\/\/toftum-bjerge.dk\/de\/wp-json\/wp\/v2\/pages\/35402","targetHints":{"allow":["GET"]}}],"collection":[{"href":"https:\/\/toftum-bjerge.dk\/de\/wp-json\/wp\/v2\/pages"}],"about":[{"href":"https:\/\/toftum-bjerge.dk\/de\/wp-json\/wp\/v2\/types\/page"}],"author":[{"embeddable":true,"href":"https:\/\/toftum-bjerge.dk\/de\/wp-json\/wp\/v2\/users\/1"}],"replies":[{"embeddable":true,"href":"https:\/\/toftum-bjerge.dk\/de\/wp-json\/wp\/v2\/comments?post=35402"}],"version-history":[{"count":5,"href":"https:\/\/toftum-bjerge.dk\/de\/wp-json\/wp\/v2\/pages\/35402\/revisions"}],"predecessor-version":[{"id":35471,"href":"https:\/\/toftum-bjerge.dk\/de\/wp-json\/wp\/v2\/pages\/35402\/revisions\/35471"}],"up":[{"embeddable":true,"href":"https:\/\/toftum-bjerge.dk\/de\/wp-json\/wp\/v2\/pages\/35592"}],"wp:attachment":[{"href":"https:\/\/toftum-bjerge.dk\/de\/wp-json\/wp\/v2\/media?parent=35402"}],"wp:term":[{"taxonomy":"folder","embeddable":true,"href":"https:\/\/toftum-bjerge.dk\/de\/wp-json\/wp\/v2\/folder?post=35402"}],"curies":[{"name":"wp","href":"https:\/\/api.w.org\/{rel}","templated":true}]}}