{"id":35637,"date":"2025-09-14T15:47:48","date_gmt":"2025-09-14T14:47:48","guid":{"rendered":"https:\/\/toftum-bjerge.dk\/toftum-gebirge\/"},"modified":"2025-12-16T21:11:35","modified_gmt":"2025-12-16T20:11:35","slug":"toftum-gebirge","status":"publish","type":"page","link":"https:\/\/toftum-bjerge.dk\/de\/toftum-gebirge\/","title":{"rendered":"Toftum Gebirge"},"content":{"rendered":"<p>[et_pb_section fb_built=&#8220;1&#8243; custom_padding_last_edited=&#8220;on|tablet&#8220; _builder_version=&#8220;4.27.4&#8243; background_image=&#8220;https:\/\/toftum-bjerge.dk\/wp-content\/uploads\/2025\/10\/Toftum-2-e1764076184794.jpg&#8220; height=&#8220;500px&#8220; height_tablet=&#8220;500px&#8220; height_phone=&#8220;500px&#8220; height_last_edited=&#8220;on|phone&#8220; custom_padding=&#8220;0px||350px||false|false&#8220; custom_padding_tablet=&#8220;||150px||false|false&#8220; custom_padding_phone=&#8220;||25px&#8220; bottom_divider_style=&#8220;waves2&#8243; bottom_divider_color=&#8220;#ffffff&#8220; bottom_divider_height=&#8220;150px&#8220; bottom_divider_height_tablet=&#8220;&#8220; bottom_divider_height_phone=&#8220;63px&#8220; bottom_divider_height_last_edited=&#8220;on|phone&#8220; box_shadow_style=&#8220;preset1&#8243; box_shadow_position=&#8220;inner&#8220; global_colors_info=&#8220;{%22gcid-primary-color%22:%91%22background_color_gradient_stops%22%93,%22gcid-secondary-color%22:%91%22background_color_gradient_stops%22%93,%22gcid-7360370f-bdf0-493f-b1f5-2887d5b68e17%22:%91%22background_color_gradient_stops%22%93,%22gcid-ffc7ad8e-ca9f-4ff9-9684-db89d03277e3%22:%91%22background_color_gradient_stops%22%93}&#8220;][et_pb_row _builder_version=&#8220;4.16&#8243; background_size=&#8220;initial&#8220; background_position=&#8220;top_left&#8220; background_repeat=&#8220;repeat&#8220; custom_padding=&#8220;50px|0px|65px|0px||&#8220; global_colors_info=&#8220;{}&#8220;][et_pb_column type=&#8220;4_4&#8243; _builder_version=&#8220;4.16&#8243; custom_padding=&#8220;|||&#8220; global_colors_info=&#8220;{}&#8220; custom_padding__hover=&#8220;|||&#8220;][et_pb_text _builder_version=&#8220;4.27.4&#8243; header_2_font=&#8220;|800|||||||&#8220; header_2_text_align=&#8220;center&#8220; header_2_text_color=&#8220;#ffffff&#8220; header_2_font_size=&#8220;60px&#8220; background_layout=&#8220;dark&#8220; custom_margin=&#8220;||20px|&#8220; animation_style=&#8220;slide&#8220; animation_direction=&#8220;bottom&#8220; header_2_font_size_tablet=&#8220;&#8220; header_2_font_size_phone=&#8220;30px&#8220; header_2_font_size_last_edited=&#8220;on|phone&#8220; header_2_text_shadow_style=&#8220;preset2&#8243; header_2_text_shadow_horizontal_length=&#8220;0em&#8220; header_2_text_shadow_vertical_length=&#8220;0.1em&#8220; header_2_text_shadow_blur_strength=&#8220;0.1em&#8220; header_2_text_shadow_color=&#8220;rgba(0,0,0,0.3)&#8220; global_colors_info=&#8220;{}&#8220;]<\/p>\n<h2>TOFTUMER BERGE<\/h2>\n<p>[\/et_pb_text][\/et_pb_column][\/et_pb_row][\/et_pb_section][et_pb_section fb_built=&#8220;1&#8243; _builder_version=&#8220;4.27.4&#8243; custom_padding=&#8220;100px|0px|100px|0px&#8220; hover_enabled=&#8220;0&#8243; global_colors_info=&#8220;{}&#8220; custom_padding_last_edited=&#8220;on|tablet&#8220; sticky_enabled=&#8220;0&#8243; custom_padding_tablet=&#8220;25px||||false|false&#8220; custom_padding_phone=&#8220;25px||||false|false&#8220;][et_pb_row column_structure=&#8220;1_2,1_2&#8243; make_equal=&#8220;on&#8220; _builder_version=&#8220;4.27.4&#8243; _module_preset=&#8220;default&#8220; width=&#8220;100%&#8220; max_width=&#8220;1400px&#8220; global_colors_info=&#8220;{}&#8220;][et_pb_column type=&#8220;1_2&#8243; _builder_version=&#8220;4.27.4&#8243; _module_preset=&#8220;default&#8220; global_colors_info=&#8220;{}&#8220;][et_pb_text _builder_version=&#8220;4.27.4&#8243; _module_preset=&#8220;default&#8220; custom_padding=&#8220;||15px|||&#8220; hover_enabled=&#8220;0&#8243; global_colors_info=&#8220;{}&#8220; custom_padding_last_edited=&#8220;on|tablet&#8220; sticky_enabled=&#8220;0&#8243; custom_padding_tablet=&#8220;|15px||15px|false|true&#8220; custom_padding_phone=&#8220;|15px||15px|false|true&#8220;]<\/p>\n<h3 data-start=\"166\" data-end=\"215\">Toftum Bjerge &#8211; Natur, Ansichten und Erlebnisse<\/h3>\n<p>&nbsp;<\/p>\n<p data-start=\"217\" data-end=\"508\">Erleben Sie die wundersch\u00f6ne Natur des Limfjords und die herrliche eiszeitliche Landschaft in <strong data-start=\"285\" data-end=\"302\">Toftum Bjerge<\/strong> &#8211; ein Gebiet mit sanften H\u00fcgeln, dramatischen Klippen und spektakul\u00e4ren Aussichten. Hier treffen Natur, Kultur und Aktivit\u00e4t in einer einzigartigen Kombination aufeinander, die Naturliebhaber, K\u00fcnstler und Abenteurer gleicherma\u00dfen anzieht. <\/p>\n<p data-start=\"510\" data-end=\"732\">Fr\u00fcher war Toftum Bjerge ein beliebtes Ziel f\u00fcr K\u00fcnstler, die sich vom Licht der Landschaft, den H\u00fcgeln und den Spiegelungen im Fjord inspirieren lie\u00dfen. Denselben Zauber k\u00f6nnen Sie auch heute noch erleben &#8211; zu Fu\u00df, mit dem Fahrrad oder aus der Luft. <\/p>\n<p data-start=\"734\" data-end=\"766\"><strong>Ein Paradies f\u00fcr Gleitschirmflieger<\/strong><\/p>\n<p data-start=\"767\" data-end=\"999\">Toftum Bjerge ist als eines der besten Gebiete D\u00e4nemarks zum <strong data-start=\"828\" data-end=\"843\">Gleitschirmfliegen<\/strong> bekannt. Die steilen H\u00e4nge und offenen Fl\u00e4chen bieten perfekte Bedingungen sowohl f\u00fcr erfahrene als auch f\u00fcr Anf\u00e4nger, die \u00fcber den Limfjord schweben und die Aussicht von oben genie\u00dfen m\u00f6chten. <\/p>\n<p data-start=\"1001\" data-end=\"1037\"><strong>Naturerlebnisse und Aktivit\u00e4ten<\/strong><\/p>\n<ul data-start=\"1038\" data-end=\"1366\">\n<li data-start=\"1038\" data-end=\"1165\">\n<p data-start=\"1040\" data-end=\"1165\"><strong data-start=\"1040\" data-end=\"1070\">Wandern und Mountainbiking<\/strong> &#8211; erkunden Sie die h\u00fcgelige Landschaft und die Wege, die sich sowohl f\u00fcr kurze Wanderungen als auch f\u00fcr l\u00e4ngere Trekkingtouren eignen.<\/p>\n<\/li>\n<li data-start=\"1166\" data-end=\"1256\">\n<p data-start=\"1168\" data-end=\"1256\"><strong data-start=\"1168\" data-end=\"1189\">V\u00f6gel und Wildtiere<\/strong> &#8211; das Gebiet ist die Heimat von Rehen, Hasen und vielen seltenen Vogelarten.<\/p>\n<\/li>\n<li data-start=\"1257\" data-end=\"1366\">\n<p data-start=\"1259\" data-end=\"1366\"><strong data-start=\"1259\" data-end=\"1273\">Limfjorden<\/strong> &#8211; Kajakfahren, Segeln mit kleinen Booten und Angeln sind beliebte Aktivit\u00e4ten f\u00fcr Kinder und Erwachsene.<\/p>\n<\/li>\n<\/ul>\n<p data-start=\"1368\" data-end=\"1420\"><strong>Eine Gegend voller Ferienh\u00e4user und lokalem Charme<\/strong><\/p>\n<p data-start=\"1421\" data-end=\"1655\">Toftum Bjerge ist von fast<strong data-start=\"1450\" data-end=\"1473\"> 500 Ferienh\u00e4usern<\/strong> umgeben, was die Gegend zu einem lebendigen und attraktiven Urlaubsziel macht. Gleichzeitig ist die gem\u00fctliche Dorfatmosph\u00e4re erhalten geblieben, wo lokale Bauernh\u00f6fe, kleine Wege und die offene Landschaft Ruhe und Charme schaffen. <\/p>\n<p data-start=\"1657\" data-end=\"1681\"><strong>Kultur und Geschichte<\/strong><\/p>\n<p data-start=\"1682\" data-end=\"1933\">Entdecken Sie das kulturelle Erbe der Region durch kleine D\u00f6rfer, Museen und historische St\u00e4tten in der N\u00e4he. Toftum Bjerge verbindet <strong data-start=\"1794\" data-end=\"1841\">Naturerlebnisse mit Inspiration und Geschichte<\/strong>, so dass Besucher gleichzeitig Landschaft, Licht und lokale Kultur genie\u00dfen k\u00f6nnen. <\/p>\n<p data-start=\"1935\" data-end=\"1971\"><strong>Natur, Aktivit\u00e4t und Entspannung<\/strong><\/p>\n<p data-start=\"1972\" data-end=\"2215\">Toftum Bjerge ist der perfekte Ausgangspunkt f\u00fcr einen aktiven Urlaub und ruhige Naturerlebnisse. Ob Sie nun Gleitschirmfliegen, Golf spielen, durch die eiszeitliche Landschaft wandern, den Limfjord erkunden oder einfach nur die Aussicht und die Ruhe genie\u00dfen m\u00f6chten, es ist f\u00fcr jeden etwas dabei. <\/p>\n<p data-start=\"2217\" data-end=\"2359\">Wir freuen uns darauf, Sie in Toftum Bjerge begr\u00fc\u00dfen zu d\u00fcrfen &#8211; wo <strong data-start=\"2281\" data-end=\"2334\">eiszeitliche Landschaft, Limfjord, Gleitschirmfliegen und Geschichte<\/strong> in sch\u00f6ner Harmonie aufeinandertreffen.<\/p>\n<div class=\"wpb_text_column wpb_content_element \">\n<div class=\"wpb_wrapper\"><\/div>\n<\/div>\n<p>[\/et_pb_text][\/et_pb_column][et_pb_column type=&#8220;1_2&#8243; _builder_version=&#8220;4.27.4&#8243; _module_preset=&#8220;default&#8220; custom_css_main_element=&#8220;margin:auto;&#8220; global_colors_info=&#8220;{}&#8220;][et_pb_gallery gallery_ids=&#8220;33763,34312,34313,34315,35638,35639,35641&#8243; fullwidth=&#8220;on&#8220; _builder_version=&#8220;4.27.4&#8243; _module_preset=&#8220;default&#8220; global_colors_info=&#8220;{}&#8220;][\/et_pb_gallery][\/et_pb_column][\/et_pb_row][\/et_pb_section][et_pb_section fb_built=&#8220;1&#8243; _builder_version=&#8220;4.27.4&#8243; background_enable_color=&#8220;off&#8220; custom_padding=&#8220;0px|0px|0px|0px&#8220; top_divider_height=&#8220;0px&#8220; top_divider_flip=&#8220;vertical&#8220; bottom_divider_style=&#8220;wave2&#8243; bottom_divider_color=&#8220;gcid-7360370f-bdf0-493f-b1f5-2887d5b68e17&#8243; bottom_divider_height_tablet=&#8220;&#8220; bottom_divider_height_phone=&#8220;44px&#8220; bottom_divider_height_last_edited=&#8220;on|phone&#8220; global_colors_info=&#8220;{%22gcid-7360370f-bdf0-493f-b1f5-2887d5b68e17%22:%91%22bottom_divider_color%22%93}&#8220;][\/et_pb_section]<\/p>\n","protected":false},"excerpt":{"rendered":"<p>TOFTUMER BERGEToftum Bjerge &#8211; Natur, Ansichten und Erlebnisse &nbsp; Erleben Sie die wundersch\u00f6ne Natur des Limfjords und die herrliche eiszeitliche Landschaft in Toftum Bjerge &#8211; ein Gebiet mit sanften H\u00fcgeln, [&hellip;]<\/p>\n","protected":false},"author":1,"featured_media":0,"parent":0,"menu_order":0,"comment_status":"closed","ping_status":"closed","template":"","meta":{"_et_pb_use_builder":"on","_et_pb_old_content":"","_et_gb_content_width":"","footnotes":""},"folder":[],"class_list":["post-35637","page","type-page","status-publish","hentry"],"yoast_head":"<!-- This site is optimized with the Yoast SEO plugin v27.2 - https:\/\/yoast.com\/product\/yoast-seo-wordpress\/ -->\n<title>Toftum Gebirge - Toftum Bjerge Camping<\/title>\n<meta name=\"robots\" content=\"index, follow, max-snippet:-1, max-image-preview:large, max-video-preview:-1\" \/>\n<link rel=\"canonical\" href=\"https:\/\/toftum-bjerge.dk\/de\/toftum-gebirge\/\" \/>\n<meta property=\"og:locale\" content=\"de_DE\" \/>\n<meta property=\"og:type\" content=\"article\" \/>\n<meta property=\"og:title\" content=\"Toftum Gebirge - Toftum Bjerge Camping\" \/>\n<meta property=\"og:description\" content=\"TOFTUMER BERGEToftum Bjerge - Natur, Ansichten und Erlebnisse &nbsp; Erleben Sie die wundersch\u00f6ne Natur des Limfjords und die herrliche eiszeitliche Landschaft in Toftum Bjerge - ein Gebiet mit sanften H\u00fcgeln, [&hellip;]\" \/>\n<meta property=\"og:url\" content=\"https:\/\/toftum-bjerge.dk\/de\/toftum-gebirge\/\" \/>\n<meta property=\"og:site_name\" content=\"Toftum Bjerge Camping\" \/>\n<meta property=\"article:modified_time\" content=\"2025-12-16T20:11:35+00:00\" \/>\n<meta name=\"twitter:card\" content=\"summary_large_image\" \/>\n<meta name=\"twitter:label1\" content=\"Gesch\u00e4tzte Lesezeit\" \/>\n\t<meta name=\"twitter:data1\" content=\"4\u00a0Minuten\" \/>\n<script type=\"application\/ld+json\" class=\"yoast-schema-graph\">{\"@context\":\"https:\/\/schema.org\",\"@graph\":[{\"@type\":\"WebPage\",\"@id\":\"https:\/\/toftum-bjerge.dk\/de\/toftum-gebirge\/\",\"url\":\"https:\/\/toftum-bjerge.dk\/de\/toftum-gebirge\/\",\"name\":\"Toftum Gebirge - Toftum Bjerge Camping\",\"isPartOf\":{\"@id\":\"https:\/\/toftum-bjerge.dk\/de\/#website\"},\"datePublished\":\"2025-09-14T14:47:48+00:00\",\"dateModified\":\"2025-12-16T20:11:35+00:00\",\"breadcrumb\":{\"@id\":\"https:\/\/toftum-bjerge.dk\/de\/toftum-gebirge\/#breadcrumb\"},\"inLanguage\":\"de\",\"potentialAction\":[{\"@type\":\"ReadAction\",\"target\":[\"https:\/\/toftum-bjerge.dk\/de\/toftum-gebirge\/\"]}]},{\"@type\":\"BreadcrumbList\",\"@id\":\"https:\/\/toftum-bjerge.dk\/de\/toftum-gebirge\/#breadcrumb\",\"itemListElement\":[{\"@type\":\"ListItem\",\"position\":1,\"name\":\"Hjem\",\"item\":\"https:\/\/toftum-bjerge.dk\/de\/hauptseite\/\"},{\"@type\":\"ListItem\",\"position\":2,\"name\":\"Toftum Gebirge\"}]},{\"@type\":\"WebSite\",\"@id\":\"https:\/\/toftum-bjerge.dk\/de\/#website\",\"url\":\"https:\/\/toftum-bjerge.dk\/de\/\",\"name\":\"Toftum Bjerge Camping\",\"description\":\"Din oase mellem fjord og skov\",\"potentialAction\":[{\"@type\":\"SearchAction\",\"target\":{\"@type\":\"EntryPoint\",\"urlTemplate\":\"https:\/\/toftum-bjerge.dk\/de\/?s={search_term_string}\"},\"query-input\":{\"@type\":\"PropertyValueSpecification\",\"valueRequired\":true,\"valueName\":\"search_term_string\"}}],\"inLanguage\":\"de\"}]}<\/script>\n<!-- \/ Yoast SEO plugin. -->","yoast_head_json":{"title":"Toftum Gebirge - Toftum Bjerge Camping","robots":{"index":"index","follow":"follow","max-snippet":"max-snippet:-1","max-image-preview":"max-image-preview:large","max-video-preview":"max-video-preview:-1"},"canonical":"https:\/\/toftum-bjerge.dk\/de\/toftum-gebirge\/","og_locale":"de_DE","og_type":"article","og_title":"Toftum Gebirge - Toftum Bjerge Camping","og_description":"TOFTUMER BERGEToftum Bjerge - Natur, Ansichten und Erlebnisse &nbsp; Erleben Sie die wundersch\u00f6ne Natur des Limfjords und die herrliche eiszeitliche Landschaft in Toftum Bjerge - ein Gebiet mit sanften H\u00fcgeln, [&hellip;]","og_url":"https:\/\/toftum-bjerge.dk\/de\/toftum-gebirge\/","og_site_name":"Toftum Bjerge Camping","article_modified_time":"2025-12-16T20:11:35+00:00","twitter_card":"summary_large_image","twitter_misc":{"Gesch\u00e4tzte Lesezeit":"4\u00a0Minuten"},"schema":{"@context":"https:\/\/schema.org","@graph":[{"@type":"WebPage","@id":"https:\/\/toftum-bjerge.dk\/de\/toftum-gebirge\/","url":"https:\/\/toftum-bjerge.dk\/de\/toftum-gebirge\/","name":"Toftum Gebirge - Toftum Bjerge Camping","isPartOf":{"@id":"https:\/\/toftum-bjerge.dk\/de\/#website"},"datePublished":"2025-09-14T14:47:48+00:00","dateModified":"2025-12-16T20:11:35+00:00","breadcrumb":{"@id":"https:\/\/toftum-bjerge.dk\/de\/toftum-gebirge\/#breadcrumb"},"inLanguage":"de","potentialAction":[{"@type":"ReadAction","target":["https:\/\/toftum-bjerge.dk\/de\/toftum-gebirge\/"]}]},{"@type":"BreadcrumbList","@id":"https:\/\/toftum-bjerge.dk\/de\/toftum-gebirge\/#breadcrumb","itemListElement":[{"@type":"ListItem","position":1,"name":"Hjem","item":"https:\/\/toftum-bjerge.dk\/de\/hauptseite\/"},{"@type":"ListItem","position":2,"name":"Toftum Gebirge"}]},{"@type":"WebSite","@id":"https:\/\/toftum-bjerge.dk\/de\/#website","url":"https:\/\/toftum-bjerge.dk\/de\/","name":"Toftum Bjerge Camping","description":"Din oase mellem fjord og skov","potentialAction":[{"@type":"SearchAction","target":{"@type":"EntryPoint","urlTemplate":"https:\/\/toftum-bjerge.dk\/de\/?s={search_term_string}"},"query-input":{"@type":"PropertyValueSpecification","valueRequired":true,"valueName":"search_term_string"}}],"inLanguage":"de"}]}},"_links":{"self":[{"href":"https:\/\/toftum-bjerge.dk\/de\/wp-json\/wp\/v2\/pages\/35637","targetHints":{"allow":["GET"]}}],"collection":[{"href":"https:\/\/toftum-bjerge.dk\/de\/wp-json\/wp\/v2\/pages"}],"about":[{"href":"https:\/\/toftum-bjerge.dk\/de\/wp-json\/wp\/v2\/types\/page"}],"author":[{"embeddable":true,"href":"https:\/\/toftum-bjerge.dk\/de\/wp-json\/wp\/v2\/users\/1"}],"replies":[{"embeddable":true,"href":"https:\/\/toftum-bjerge.dk\/de\/wp-json\/wp\/v2\/comments?post=35637"}],"version-history":[{"count":2,"href":"https:\/\/toftum-bjerge.dk\/de\/wp-json\/wp\/v2\/pages\/35637\/revisions"}],"predecessor-version":[{"id":35655,"href":"https:\/\/toftum-bjerge.dk\/de\/wp-json\/wp\/v2\/pages\/35637\/revisions\/35655"}],"wp:attachment":[{"href":"https:\/\/toftum-bjerge.dk\/de\/wp-json\/wp\/v2\/media?parent=35637"}],"wp:term":[{"taxonomy":"folder","embeddable":true,"href":"https:\/\/toftum-bjerge.dk\/de\/wp-json\/wp\/v2\/folder?post=35637"}],"curies":[{"name":"wp","href":"https:\/\/api.w.org\/{rel}","templated":true}]}}