{"id":35721,"date":"2025-09-14T15:46:30","date_gmt":"2025-09-14T14:46:30","guid":{"rendered":"https:\/\/toftum-bjerge.dk\/camping-caravaning\/"},"modified":"2025-12-16T21:11:59","modified_gmt":"2025-12-16T20:11:59","slug":"camping-caravaning","status":"publish","type":"page","link":"https:\/\/toftum-bjerge.dk\/de\/camping-caravaning\/","title":{"rendered":"Camping &amp; Caravaning"},"content":{"rendered":"<p>[et_pb_section fb_built=&#8220;1&#8243; custom_padding_last_edited=&#8220;on|tablet&#8220; _builder_version=&#8220;4.27.4&#8243; background_image=&#8220;https:\/\/toftum-bjerge.dk\/wp-content\/uploads\/2025\/10\/Blomster.jpg&#8220; height=&#8220;500px&#8220; height_tablet=&#8220;500px&#8220; height_phone=&#8220;500px&#8220; height_last_edited=&#8220;on|phone&#8220; custom_padding=&#8220;0px||350px||false|false&#8220; custom_padding_tablet=&#8220;||150px||false|false&#8220; custom_padding_phone=&#8220;||25px&#8220; bottom_divider_style=&#8220;waves2&#8243; bottom_divider_color=&#8220;#ffffff&#8220; bottom_divider_height=&#8220;150px&#8220; bottom_divider_height_tablet=&#8220;&#8220; bottom_divider_height_phone=&#8220;63px&#8220; bottom_divider_height_last_edited=&#8220;on|phone&#8220; box_shadow_style=&#8220;preset1&#8243; box_shadow_position=&#8220;inner&#8220; global_colors_info=&#8220;{%22gcid-primary-color%22:%91%22background_color_gradient_stops%22%93,%22gcid-secondary-color%22:%91%22background_color_gradient_stops%22%93,%22gcid-7360370f-bdf0-493f-b1f5-2887d5b68e17%22:%91%22background_color_gradient_stops%22%93,%22gcid-ffc7ad8e-ca9f-4ff9-9684-db89d03277e3%22:%91%22background_color_gradient_stops%22%93}&#8220;][et_pb_row _builder_version=&#8220;4.16&#8243; background_size=&#8220;initial&#8220; background_position=&#8220;top_left&#8220; background_repeat=&#8220;repeat&#8220; custom_padding=&#8220;50px|0px|65px|0px||&#8220; global_colors_info=&#8220;{}&#8220;][et_pb_column type=&#8220;4_4&#8243; _builder_version=&#8220;4.16&#8243; custom_padding=&#8220;|||&#8220; global_colors_info=&#8220;{}&#8220; custom_padding__hover=&#8220;|||&#8220;][et_pb_text _builder_version=&#8220;4.27.4&#8243; header_2_font=&#8220;|800|||||||&#8220; header_2_text_align=&#8220;center&#8220; header_2_text_color=&#8220;#ffffff&#8220; header_2_font_size=&#8220;60px&#8220; background_layout=&#8220;dark&#8220; custom_margin=&#8220;||20px|&#8220; animation_style=&#8220;slide&#8220; animation_direction=&#8220;bottom&#8220; header_2_font_size_tablet=&#8220;&#8220; header_2_font_size_phone=&#8220;30px&#8220; header_2_font_size_last_edited=&#8220;on|phone&#8220; header_2_text_shadow_style=&#8220;preset2&#8243; header_2_text_shadow_horizontal_length=&#8220;0em&#8220; header_2_text_shadow_vertical_length=&#8220;0.1em&#8220; header_2_text_shadow_blur_strength=&#8220;0.1em&#8220; header_2_text_shadow_color=&#8220;rgba(0,0,0,0.3)&#8220; global_colors_info=&#8220;{}&#8220;]<\/p>\n<h2>DER PLATZ<\/h2>\n<p>[\/et_pb_text][\/et_pb_column][\/et_pb_row][\/et_pb_section][et_pb_section fb_built=&#8220;1&#8243; _builder_version=&#8220;4.27.4&#8243; custom_padding=&#8220;25px|0px|100px|0px|false|false&#8220; hover_enabled=&#8220;0&#8243; global_colors_info=&#8220;{}&#8220; custom_padding_last_edited=&#8220;on|desktop&#8220; sticky_enabled=&#8220;0&#8243; custom_padding_tablet=&#8220;25px|0px|100px|0px|false|false&#8220; custom_padding_phone=&#8220;25px|0px|100px|0px|false|false&#8220;][et_pb_row column_structure=&#8220;1_2,1_2&#8243; _builder_version=&#8220;4.27.4&#8243; _module_preset=&#8220;default&#8220; width=&#8220;100%&#8220; max_width=&#8220;1400px&#8220; global_colors_info=&#8220;{}&#8220;][et_pb_column type=&#8220;1_2&#8243; _builder_version=&#8220;4.27.4&#8243; _module_preset=&#8220;default&#8220; global_colors_info=&#8220;{}&#8220;][et_pb_text _builder_version=&#8220;4.27.4&#8243; _module_preset=&#8220;default&#8220; custom_padding=&#8220;||14px|||&#8220; hover_enabled=&#8220;0&#8243; global_colors_info=&#8220;{}&#8220; custom_padding_last_edited=&#8220;on|tablet&#8220; sticky_enabled=&#8220;0&#8243; custom_padding_tablet=&#8220;|15px||15px|false|true&#8220; custom_padding_phone=&#8220;|15px||15px|false|true&#8220;]<\/p>\n<h2 data-start=\"341\" data-end=\"408\">Toftum Bjerge Camping<br \/>&#8211; Ruhe, Natur und Aussicht in der Eiszeitlandschaft<\/h2>\n<p data-start=\"410\" data-end=\"638\">Inmitten der einzigartigen Eiszeitlandschaft am Limfjord liegt <strong data-start=\"469\" data-end=\"494\">Toftum Bjerge Camping<\/strong> &#8211; ein landschaftliches Juwel mit Panoramablick auf die h\u00fcgelige Landschaft und den Himmel. Hier steht die Natur im Mittelpunkt und die Ruhe ist von dem Moment an zu sp\u00fcren, in dem Sie ankommen. <\/p>\n<p data-start=\"640\" data-end=\"879\">Die hohen Klippen von Toftum Bjerge, die von der Eiszeit geformt wurden, erz\u00e4hlen die Geschichte der Naturgewalten \u00fcber Tausende von Jahren. Von der Spitze der Klippen aus haben Sie einen atemberaubenden Blick auf den Limfjord &#8211; und an klaren Tagen k\u00f6nnen Sie sogar bis nach Thy sehen. <\/p>\n<hr data-start=\"881\" data-end=\"884\">\n<p data-start=\"886\" data-end=\"930\"><strong>Ein Campingplatz der Ruhe und Gelassenheit<\/strong><\/p>\n<p data-start=\"932\" data-end=\"1097\">Der Campingplatz liegt in einem ruhigen Gebiet, umgeben von Natur, V\u00f6geln und der charakteristischen Atmosph\u00e4re des Limfjords. Hier haben Sie Zeit f\u00fcr sich, die Natur und gute Gespr\u00e4che. <\/p>\n<p data-start=\"1099\" data-end=\"1134\">Toftum Bjerge Camping verf\u00fcgt \u00fcber die folgenden Einrichtungen:<\/p>\n<ul data-start=\"1135\" data-end=\"1417\">\n<li data-start=\"1135\" data-end=\"1180\">\n<p data-start=\"1137\" data-end=\"1180\"><strong data-start=\"1137\" data-end=\"1159\">Gut durchdachte Einheiten<\/strong> mit Sonne und Schutz<\/p>\n<\/li>\n<li data-start=\"1181\" data-end=\"1249\">\n<p data-start=\"1183\" data-end=\"1249\"><strong data-start=\"1183\" data-end=\"1211\">Moderne Servicegeb\u00e4ude<\/strong> mit Familienzimmern und K\u00fccheneinrichtungen<\/p>\n<\/li>\n<li data-start=\"1250\" data-end=\"1320\">\n<p data-start=\"1252\" data-end=\"1320\">Ein <strong data-start=\"1255\" data-end=\"1268\">Gemeinschaftsraum<\/strong> f\u00fcr gem\u00fctliche Stunden und Terrassen mit Blick auf den Spielplatz oder Resen K\u00e6r<\/p>\n<\/li>\n<li data-start=\"1321\" data-end=\"1417\">\n<p data-start=\"1323\" data-end=\"1417\"><strong data-start=\"1323\" data-end=\"1346\">Kiosk und Caf\u00e9bereich<\/strong>, wo Sie in der Abendsonne etwas essen, Kaffee, Eis oder ein Glas Wein genie\u00dfen k\u00f6nnen<\/p>\n<\/li>\n<\/ul>\n<p data-start=\"1419\" data-end=\"1516\">Alle Stellpl\u00e4tze (mit Ausnahme eines kleinen Bereichs f\u00fcr leichte Camper) verf\u00fcgen \u00fcber einen <strong data-start=\"1483\" data-end=\"1513\">230V-Stromanschluss mit mindestens 10A<\/strong>.<\/p>\n<hr data-start=\"1518\" data-end=\"1521\">\n<p data-start=\"1523\" data-end=\"1556\"><strong>Die Natur vor Ihrer Haust\u00fcr<\/strong><\/p>\n<p data-start=\"1558\" data-end=\"1837\">Das Gebiet Toftum Bjerge ist f\u00fcr seine markanten Klippen und sein einzigartiges Licht bekannt. Hier k\u00f6nnen Sie <strong data-start=\"1660\" data-end=\"1688\">entlang des Fjords wandern<\/strong>, <strong data-start=\"1690\" data-end=\"1743\">oben auf der Klippe sitzen und das Wasser \u00fcberblicken<\/strong> oder <strong data-start=\"1751\" data-end=\"1774\">am Strand entlang spazieren<\/strong> und Spuren der Eiszeit in Form von Fossilien und sch\u00f6nen Steinen finden. <\/p>\n<p data-start=\"1839\" data-end=\"1979\">F\u00fcr die Aktiven gibt es tolle M\u00f6glichkeiten zum <strong data-start=\"1884\" data-end=\"1897\">Radfahren<\/strong>, <strong data-start=\"1899\" data-end=\"1915\">Kajakfahren<\/strong>, <strong data-start=\"1917\" data-end=\"1925\">Golfen<\/strong> und <strong data-start=\"1929\" data-end=\"1940\">Angeln<\/strong> &#8211; alles in kurzer Entfernung.<\/p>\n<hr data-start=\"1981\" data-end=\"1984\">\n<p data-start=\"1986\" data-end=\"2013\"><strong>Erlebnisse in der N\u00e4he<\/strong><\/p>\n<p data-start=\"2015\" data-end=\"2210\">Wenn Sie mehr vom Limfjordland erleben m\u00f6chten, sind <strong data-start=\"2066\" data-end=\"2076\">Lemvig<\/strong>, <strong data-start=\"2078\" data-end=\"2088\">Struer<\/strong> und <strong data-start=\"2092\" data-end=\"2103\">Thyholm<\/strong> nur eine kurze Autofahrt entfernt. Hier finden Sie Kultur, Caf\u00e9s, Gesch\u00e4fte und kleine Hafenst\u00e4dte mit maritimem Charme. <\/p>\n<p data-start=\"2212\" data-end=\"2376\">Besuchen Sie das <strong data-start=\"2223\" data-end=\"2240\">Lemvig Museum<\/strong>, das <strong data-start=\"2242\" data-end=\"2257\">Kystcentret<\/strong>, den <strong data-start=\"2259\" data-end=\"2279\">Nationalpark Thy<\/strong> oder den <strong data-start=\"2286\" data-end=\"2306\">Hafen von Gjellerodde<\/strong> &#8211; alles gro\u00dfartige Ziele f\u00fcr einen entspannten Tag voller Abenteuer und Natur.<\/p>\n<hr data-start=\"2378\" data-end=\"2381\">\n<p data-start=\"2383\" data-end=\"2405\"><strong>Zeit f\u00fcreinander<\/strong><\/p>\n<p data-start=\"2407\" data-end=\"2638\">Toftum Bjerge Camping ist ein Ort, an dem Sie entschleunigen und das Leben genie\u00dfen k\u00f6nnen. Viele unserer G\u00e4ste sind Paare oder Senioren, die Ruhe, Natur und gute Einrichtungen sch\u00e4tzen &#8211; und mit Vogelgezwitscher und Blick auf den Limfjord aufwachen. <\/p>\n<p data-start=\"2640\" data-end=\"2719\">Hier geht es im Urlaub nicht darum, alles zu erledigen &#8211; es geht darum, <strong data-start=\"2694\" data-end=\"2716\">jeden Moment zu genie\u00dfen<\/strong>.<\/p>\n<hr data-start=\"2721\" data-end=\"2724\">\n<p data-start=\"2726\" data-end=\"2792\"><strong>Toftum Bjerge Camping &#8211; eine Oase der Natur am Limfjord<\/strong><\/p>\n<p data-start=\"2794\" data-end=\"2901\">Ein Ort f\u00fcr alle, die Ruhe, Aussicht und die besondere Atmosph\u00e4re suchen, die es nur dort gibt, wo Fjord und Eiszeit aufeinandertreffen.<\/p>\n<p data-start=\"2903\" data-end=\"3020\">Willkommen auf <strong data-start=\"2917\" data-end=\"2942\">Toftum Bjerge Camping<\/strong> &#8211; wo die Landschaft die Geschichte erz\u00e4hlt und Sie Raum finden, einfach nur zu sein.<\/p>\n<p>[\/et_pb_text][\/et_pb_column][et_pb_column type=&#8220;1_2&#8243; _builder_version=&#8220;4.27.4&#8243; _module_preset=&#8220;default&#8220; global_colors_info=&#8220;{}&#8220;][et_pb_gallery gallery_ids=&#8220;33771,35356,35723&#8243; fullwidth=&#8220;on&#8220; _builder_version=&#8220;4.27.4&#8243; _module_preset=&#8220;default&#8220; global_colors_info=&#8220;{}&#8220;][\/et_pb_gallery][et_pb_gallery gallery_ids=&#8220;35724,35725&#8243; fullwidth=&#8220;on&#8220; _builder_version=&#8220;4.27.4&#8243; _module_preset=&#8220;default&#8220; global_colors_info=&#8220;{}&#8220;][\/et_pb_gallery][\/et_pb_column][\/et_pb_row][\/et_pb_section][et_pb_section fb_built=&#8220;1&#8243; _builder_version=&#8220;4.27.4&#8243; background_enable_color=&#8220;off&#8220; custom_padding=&#8220;0px|0px|0px|0px&#8220; top_divider_height=&#8220;0px&#8220; top_divider_flip=&#8220;vertical&#8220; bottom_divider_style=&#8220;wave2&#8243; bottom_divider_color=&#8220;gcid-7360370f-bdf0-493f-b1f5-2887d5b68e17&#8243; bottom_divider_height_tablet=&#8220;&#8220; bottom_divider_height_phone=&#8220;44px&#8220; bottom_divider_height_last_edited=&#8220;on|phone&#8220; global_colors_info=&#8220;{%22gcid-7360370f-bdf0-493f-b1f5-2887d5b68e17%22:%91%22bottom_divider_color%22%93}&#8220;][\/et_pb_section]<\/p>\n","protected":false},"excerpt":{"rendered":"<p>DER PLATZToftum Bjerge Camping- Ruhe, Natur und Aussicht in der Eiszeitlandschaft Inmitten der einzigartigen Eiszeitlandschaft am Limfjord liegt Toftum Bjerge Camping &#8211; ein landschaftliches Juwel mit Panoramablick auf die h\u00fcgelige [&hellip;]<\/p>\n","protected":false},"author":1,"featured_media":0,"parent":0,"menu_order":0,"comment_status":"closed","ping_status":"closed","template":"","meta":{"_et_pb_use_builder":"on","_et_pb_old_content":"","_et_gb_content_width":"","footnotes":""},"folder":[],"class_list":["post-35721","page","type-page","status-publish","hentry"],"yoast_head":"<!-- This site is optimized with the Yoast SEO plugin v27.2 - https:\/\/yoast.com\/product\/yoast-seo-wordpress\/ -->\n<title>Camping &amp; Caravaning - Toftum Bjerge Camping<\/title>\n<meta name=\"robots\" content=\"index, follow, max-snippet:-1, max-image-preview:large, max-video-preview:-1\" \/>\n<link rel=\"canonical\" href=\"https:\/\/toftum-bjerge.dk\/de\/camping-caravaning\/\" \/>\n<meta property=\"og:locale\" content=\"de_DE\" \/>\n<meta property=\"og:type\" content=\"article\" \/>\n<meta property=\"og:title\" content=\"Camping &amp; Caravaning - Toftum Bjerge Camping\" \/>\n<meta property=\"og:description\" content=\"DER PLATZToftum Bjerge Camping- Ruhe, Natur und Aussicht in der Eiszeitlandschaft Inmitten der einzigartigen Eiszeitlandschaft am Limfjord liegt Toftum Bjerge Camping - ein landschaftliches Juwel mit Panoramablick auf die h\u00fcgelige [&hellip;]\" \/>\n<meta property=\"og:url\" content=\"https:\/\/toftum-bjerge.dk\/de\/camping-caravaning\/\" \/>\n<meta property=\"og:site_name\" content=\"Toftum Bjerge Camping\" \/>\n<meta property=\"article:modified_time\" content=\"2025-12-16T20:11:59+00:00\" \/>\n<meta name=\"twitter:card\" content=\"summary_large_image\" \/>\n<meta name=\"twitter:label1\" content=\"Gesch\u00e4tzte Lesezeit\" \/>\n\t<meta name=\"twitter:data1\" content=\"5\u00a0Minuten\" \/>\n<script type=\"application\/ld+json\" class=\"yoast-schema-graph\">{\"@context\":\"https:\/\/schema.org\",\"@graph\":[{\"@type\":\"WebPage\",\"@id\":\"https:\/\/toftum-bjerge.dk\/de\/camping-caravaning\/\",\"url\":\"https:\/\/toftum-bjerge.dk\/de\/camping-caravaning\/\",\"name\":\"Camping &amp; Caravaning - Toftum Bjerge Camping\",\"isPartOf\":{\"@id\":\"https:\/\/toftum-bjerge.dk\/de\/#website\"},\"datePublished\":\"2025-09-14T14:46:30+00:00\",\"dateModified\":\"2025-12-16T20:11:59+00:00\",\"breadcrumb\":{\"@id\":\"https:\/\/toftum-bjerge.dk\/de\/camping-caravaning\/#breadcrumb\"},\"inLanguage\":\"de\",\"potentialAction\":[{\"@type\":\"ReadAction\",\"target\":[\"https:\/\/toftum-bjerge.dk\/de\/camping-caravaning\/\"]}]},{\"@type\":\"BreadcrumbList\",\"@id\":\"https:\/\/toftum-bjerge.dk\/de\/camping-caravaning\/#breadcrumb\",\"itemListElement\":[{\"@type\":\"ListItem\",\"position\":1,\"name\":\"Hjem\",\"item\":\"https:\/\/toftum-bjerge.dk\/de\/hauptseite\/\"},{\"@type\":\"ListItem\",\"position\":2,\"name\":\"Camping &amp; Caravaning\"}]},{\"@type\":\"WebSite\",\"@id\":\"https:\/\/toftum-bjerge.dk\/de\/#website\",\"url\":\"https:\/\/toftum-bjerge.dk\/de\/\",\"name\":\"Toftum Bjerge Camping\",\"description\":\"Din oase mellem fjord og skov\",\"potentialAction\":[{\"@type\":\"SearchAction\",\"target\":{\"@type\":\"EntryPoint\",\"urlTemplate\":\"https:\/\/toftum-bjerge.dk\/de\/?s={search_term_string}\"},\"query-input\":{\"@type\":\"PropertyValueSpecification\",\"valueRequired\":true,\"valueName\":\"search_term_string\"}}],\"inLanguage\":\"de\"}]}<\/script>\n<!-- \/ Yoast SEO plugin. -->","yoast_head_json":{"title":"Camping &amp; Caravaning - Toftum Bjerge Camping","robots":{"index":"index","follow":"follow","max-snippet":"max-snippet:-1","max-image-preview":"max-image-preview:large","max-video-preview":"max-video-preview:-1"},"canonical":"https:\/\/toftum-bjerge.dk\/de\/camping-caravaning\/","og_locale":"de_DE","og_type":"article","og_title":"Camping &amp; Caravaning - Toftum Bjerge Camping","og_description":"DER PLATZToftum Bjerge Camping- Ruhe, Natur und Aussicht in der Eiszeitlandschaft Inmitten der einzigartigen Eiszeitlandschaft am Limfjord liegt Toftum Bjerge Camping - ein landschaftliches Juwel mit Panoramablick auf die h\u00fcgelige [&hellip;]","og_url":"https:\/\/toftum-bjerge.dk\/de\/camping-caravaning\/","og_site_name":"Toftum Bjerge Camping","article_modified_time":"2025-12-16T20:11:59+00:00","twitter_card":"summary_large_image","twitter_misc":{"Gesch\u00e4tzte Lesezeit":"5\u00a0Minuten"},"schema":{"@context":"https:\/\/schema.org","@graph":[{"@type":"WebPage","@id":"https:\/\/toftum-bjerge.dk\/de\/camping-caravaning\/","url":"https:\/\/toftum-bjerge.dk\/de\/camping-caravaning\/","name":"Camping &amp; Caravaning - Toftum Bjerge Camping","isPartOf":{"@id":"https:\/\/toftum-bjerge.dk\/de\/#website"},"datePublished":"2025-09-14T14:46:30+00:00","dateModified":"2025-12-16T20:11:59+00:00","breadcrumb":{"@id":"https:\/\/toftum-bjerge.dk\/de\/camping-caravaning\/#breadcrumb"},"inLanguage":"de","potentialAction":[{"@type":"ReadAction","target":["https:\/\/toftum-bjerge.dk\/de\/camping-caravaning\/"]}]},{"@type":"BreadcrumbList","@id":"https:\/\/toftum-bjerge.dk\/de\/camping-caravaning\/#breadcrumb","itemListElement":[{"@type":"ListItem","position":1,"name":"Hjem","item":"https:\/\/toftum-bjerge.dk\/de\/hauptseite\/"},{"@type":"ListItem","position":2,"name":"Camping &amp; Caravaning"}]},{"@type":"WebSite","@id":"https:\/\/toftum-bjerge.dk\/de\/#website","url":"https:\/\/toftum-bjerge.dk\/de\/","name":"Toftum Bjerge Camping","description":"Din oase mellem fjord og skov","potentialAction":[{"@type":"SearchAction","target":{"@type":"EntryPoint","urlTemplate":"https:\/\/toftum-bjerge.dk\/de\/?s={search_term_string}"},"query-input":{"@type":"PropertyValueSpecification","valueRequired":true,"valueName":"search_term_string"}}],"inLanguage":"de"}]}},"_links":{"self":[{"href":"https:\/\/toftum-bjerge.dk\/de\/wp-json\/wp\/v2\/pages\/35721","targetHints":{"allow":["GET"]}}],"collection":[{"href":"https:\/\/toftum-bjerge.dk\/de\/wp-json\/wp\/v2\/pages"}],"about":[{"href":"https:\/\/toftum-bjerge.dk\/de\/wp-json\/wp\/v2\/types\/page"}],"author":[{"embeddable":true,"href":"https:\/\/toftum-bjerge.dk\/de\/wp-json\/wp\/v2\/users\/1"}],"replies":[{"embeddable":true,"href":"https:\/\/toftum-bjerge.dk\/de\/wp-json\/wp\/v2\/comments?post=35721"}],"version-history":[{"count":2,"href":"https:\/\/toftum-bjerge.dk\/de\/wp-json\/wp\/v2\/pages\/35721\/revisions"}],"predecessor-version":[{"id":35732,"href":"https:\/\/toftum-bjerge.dk\/de\/wp-json\/wp\/v2\/pages\/35721\/revisions\/35732"}],"wp:attachment":[{"href":"https:\/\/toftum-bjerge.dk\/de\/wp-json\/wp\/v2\/media?parent=35721"}],"wp:term":[{"taxonomy":"folder","embeddable":true,"href":"https:\/\/toftum-bjerge.dk\/de\/wp-json\/wp\/v2\/folder?post=35721"}],"curies":[{"name":"wp","href":"https:\/\/api.w.org\/{rel}","templated":true}]}}