{"id":35951,"date":"2025-09-14T15:50:39","date_gmt":"2025-09-14T14:50:39","guid":{"rendered":"https:\/\/toftum-bjerge.dk\/wenn-sie-mieten\/familienzimmer-4-pers\/"},"modified":"2025-12-16T21:12:25","modified_gmt":"2025-12-16T20:12:25","slug":"familienzimmer-4-pers","status":"publish","type":"page","link":"https:\/\/toftum-bjerge.dk\/de\/wenn-sie-mieten\/familienzimmer-4-pers\/","title":{"rendered":"FAMILIENZIMMER (4 pers.)"},"content":{"rendered":"<p>[et_pb_section fb_built=&#8220;1&#8243; custom_padding_last_edited=&#8220;on|tablet&#8220; _builder_version=&#8220;4.27.4&#8243; background_image=&#8220;https:\/\/toftum-bjerge.dk\/wp-content\/uploads\/2025\/10\/IMG_E8694-e1760532248481.jpg&#8220; height=&#8220;500px&#8220; height_tablet=&#8220;500px&#8220; height_phone=&#8220;500px&#8220; height_last_edited=&#8220;on|phone&#8220; custom_padding=&#8220;0px||350px||false|false&#8220; custom_padding_tablet=&#8220;||150px||false|false&#8220; custom_padding_phone=&#8220;||25px&#8220; bottom_divider_style=&#8220;waves2&#8243; bottom_divider_color=&#8220;#ffffff&#8220; bottom_divider_height=&#8220;150px&#8220; bottom_divider_height_tablet=&#8220;&#8220; bottom_divider_height_phone=&#8220;63px&#8220; bottom_divider_height_last_edited=&#8220;on|phone&#8220; box_shadow_style=&#8220;preset1&#8243; box_shadow_position=&#8220;inner&#8220; global_colors_info=&#8220;{%22gcid-primary-color%22:%91%22background_color_gradient_stops%22%93,%22gcid-secondary-color%22:%91%22background_color_gradient_stops%22%93,%22gcid-7360370f-bdf0-493f-b1f5-2887d5b68e17%22:%91%22background_color_gradient_stops%22%93,%22gcid-ffc7ad8e-ca9f-4ff9-9684-db89d03277e3%22:%91%22background_color_gradient_stops%22%93}&#8220;][et_pb_row _builder_version=&#8220;4.16&#8243; background_size=&#8220;initial&#8220; background_position=&#8220;top_left&#8220; background_repeat=&#8220;repeat&#8220; custom_padding=&#8220;50px|0px|65px|0px||&#8220; global_colors_info=&#8220;{}&#8220;][et_pb_column type=&#8220;4_4&#8243; _builder_version=&#8220;4.16&#8243; custom_padding=&#8220;|||&#8220; global_colors_info=&#8220;{}&#8220; custom_padding__hover=&#8220;|||&#8220;][et_pb_text _builder_version=&#8220;4.27.4&#8243; header_2_font=&#8220;|800|||||||&#8220; header_2_text_align=&#8220;center&#8220; header_2_text_color=&#8220;#ffffff&#8220; header_2_font_size=&#8220;60px&#8220; background_layout=&#8220;dark&#8220; custom_margin=&#8220;||20px|&#8220; animation_style=&#8220;slide&#8220; animation_direction=&#8220;bottom&#8220; header_2_font_size_tablet=&#8220;&#8220; header_2_font_size_phone=&#8220;30px&#8220; header_2_font_size_last_edited=&#8220;on|phone&#8220; header_2_text_shadow_style=&#8220;preset2&#8243; header_2_text_shadow_horizontal_length=&#8220;0em&#8220; header_2_text_shadow_vertical_length=&#8220;0.1em&#8220; header_2_text_shadow_blur_strength=&#8220;0.1em&#8220; header_2_text_shadow_color=&#8220;rgba(0,0,0,0.3)&#8220; global_colors_info=&#8220;{}&#8220;]<\/p>\n<h2>FAMILIENZIMMER<\/h2>\n<p>[\/et_pb_text][\/et_pb_column][\/et_pb_row][\/et_pb_section][et_pb_section fb_built=&#8220;1&#8243; _builder_version=&#8220;4.27.4&#8243; z_index=&#8220;-20&#8243; custom_padding=&#8220;20px|0px|20px|0px|true|false&#8220; bottom_divider_color=&#8220;gcid-7360370f-bdf0-493f-b1f5-2887d5b68e17&#8243; global_colors_info=&#8220;{%22gcid-7360370f-bdf0-493f-b1f5-2887d5b68e17%22:%91%22bottom_divider_color%22%93}&#8220;][et_pb_row column_structure=&#8220;3_5,2_5&#8243; make_equal=&#8220;on&#8220; module_class=&#8220;custom_row_95&#8243; _builder_version=&#8220;4.27.4&#8243; width=&#8220;100%&#8220; custom_padding=&#8220;0px||0px|&#8220; animation_style=&#8220;zoom&#8220; animation_delay=&#8220;250ms&#8220; border_radii=&#8220;on|5px|5px|5px|5px&#8220; global_colors_info=&#8220;{}&#8220; custom_padding_phone=&#8220;||25px||false|false&#8220; custom_padding_last_edited=&#8220;on|phone&#8220; custom_padding_tablet=&#8220;0px||0px|&#8220;][et_pb_column type=&#8220;3_5&#8243; _builder_version=&#8220;4.16&#8243; background_color=&#8220;#ffffff&#8220; custom_padding=&#8220;50px|50px|50px|50px&#8220; custom_padding_tablet=&#8220;50px|25px|50px|25px&#8220; custom_padding_phone=&#8220;&#8220; custom_padding_last_edited=&#8220;on|phone&#8220; global_colors_info=&#8220;{}&#8220; padding_tablet=&#8220;50px|25px|50px|25px&#8220; padding_last_edited=&#8220;on|phone&#8220; custom_padding__hover=&#8220;|||&#8220; padding_phone=&#8220;50px|25px|50px|25px&#8220;][et_pb_text _builder_version=&#8220;4.27.4&#8243; global_colors_info=&#8220;{}&#8220;]<\/p>\n<h3>Willkommen im Haus des Campdirektors<\/h3>\n<p>&nbsp;<\/p>\n<p data-start=\"130\" data-end=\"403\">In Lejrchefens Hus finden Sie ein <strong data-start=\"166\" data-end=\"193\">sch\u00f6nes Familienzimmer<\/strong> mit Platz f\u00fcr <strong data-start=\"208\" data-end=\"225\">vier Personen<\/strong>.<br data-start=\"226\" data-end=\"229\">Das Zimmer ist mit <strong data-start=\"255\" data-end=\"273\">zwei Einzelbetten<\/strong> und <strong data-start=\"277\" data-end=\"292\">einem Etagenbett<\/strong> ausgestattet und eignet sich perfekt f\u00fcr Familien oder kleine Gruppen, die in einer ruhigen und gem\u00fctlichen Umgebung zusammen wohnen m\u00f6chten.<\/p>\n<p data-start=\"405\" data-end=\"592\">Das Zimmer teilt sich eine Toilette mit den anderen Zimmern auf dem Flur und es gibt einen einfachen Zugang zur gro\u00dfen <strong data-start=\"499\" data-end=\"516\">Gemeinschaftsk\u00fcche<\/strong>, in der Sie Mahlzeiten zubereiten und Zeit mit den anderen G\u00e4sten verbringen k\u00f6nnen.<\/p>\n<p data-start=\"594\" data-end=\"668\">Au\u00dferdem gibt es kostenloses WiFi und ausreichend Parkpl\u00e4tze direkt am Haus.<\/p>\n<p data-start=\"670\" data-end=\"806\">Wenn Sie Fragen haben oder das Familienzimmer buchen m\u00f6chten, k\u00f6nnen Sie uns jederzeit unter der Nummer <strong data-start=\"765\" data-end=\"780\">97 86 13 30<\/strong> anrufen oder uns eine E-Mail schicken.<\/p>\n<p data-start=\"808\" data-end=\"867\">Wir freuen uns darauf, Sie im Camp Director&#8217;s House begr\u00fc\u00dfen zu d\u00fcrfen!<\/p>\n<p data-start=\"808\" data-end=\"867\">\n<p><strong>Kaufoptionen<\/strong><\/p>\n<ul>\n<li>\n<div role=\"presentation\">Bettw\u00e4sche: Laken, Bettbezug, Kopfkissenbezug, Handtuch<\/div>\n<\/li>\n<li>\n<div role=\"presentation\">Fr\u00fchst\u00fcckstablett: 2 Br\u00f6tchen, Butter, K\u00e4se, Marmelade, Nutella, Kaffee\/Tee, Saft, Geb\u00e4ck<\/div>\n<\/li>\n<\/ul>\n<p>[\/et_pb_text][\/et_pb_column][et_pb_column type=&#8220;2_5&#8243; _builder_version=&#8220;4.27.4&#8243; background_color=&#8220;gcid-7360370f-bdf0-493f-b1f5-2887d5b68e17&#8243; background_enable_image=&#8220;off&#8220; custom_padding=&#8220;||25px|&#8220; custom_padding_last_edited=&#8220;off|phone&#8220; border_radii=&#8220;on|30px|30px|30px|30px&#8220; box_shadow_style=&#8220;preset1&#8243; global_colors_info=&#8220;{%22gcid-7360370f-bdf0-493f-b1f5-2887d5b68e17%22:%91%22background_color%22%93}&#8220; padding_last_edited=&#8220;off|phone&#8220; custom_padding__hover=&#8220;|||&#8220;][et_pb_image src=&#8220;https:\/\/toftum-bjerge.dk\/wp-content\/uploads\/2025\/10\/Autocamper-e1761948440471.png&#8220; title_text=&#8220;Wohnmobil&#8220; align_tablet=&#8220;center&#8220; align_phone=&#8220;&#8220; align_last_edited=&#8220;on|desktop&#8220; _builder_version=&#8220;4.27.4&#8243; border_style=&#8220;solid&#8220; global_colors_info=&#8220;{}&#8220;][\/et_pb_image][et_pb_blurb icon_placement=&#8220;left&#8220; image_icon_width=&#8220;20px&#8220; module_class=&#8220;contact_detail_blurb&#8220; _builder_version=&#8220;4.27.4&#8243; header_font=&#8220;|on|||&#8220; header_font_size=&#8220;16&#8243; body_font_size=&#8220;15&#8243; body_line_height=&#8220;1.5em&#8220; background_layout=&#8220;dark&#8220; custom_padding=&#8220;|||50px&#8220; custom_padding_tablet=&#8220;&#8220; custom_padding_phone=&#8220;|||25px&#8220; custom_padding_last_edited=&#8220;on|phone&#8220; animation=&#8220;off&#8220; border_style_all=&#8220;solid&#8220; border_style=&#8220;solid&#8220; icon_font_size=&#8220;20px&#8220; global_colors_info=&#8220;{}&#8220;]<\/p>\n<ul>\n<li>Zimmer f\u00fcr 4 Personen<\/li>\n<li>2 Boxspringbetten<\/li>\n<li>1 Etagenbett<\/li>\n<li>Gemeinschaftstoilette<\/li>\n<li>Gemeinsame K\u00fcche<\/li>\n<li>Das Toilettengeb\u00e4ude mit Dusche ist 50 Meter entfernt<\/li>\n<li>Wifi im Gemeinschaftsbereich<\/li>\n<li>Haustiere sind nicht willkommen!<\/li>\n<\/ul>\n<p>[\/et_pb_blurb][et_pb_button button_url=&#8220;https:\/\/onlinebooking.camp\/toftumbjerge?lang=da&#8220; button_text=&#8220;BUCHEN SIE JETZT IHR ZIMMER&#8220; button_alignment=&#8220;center&#8220; _builder_version=&#8220;4.27.4&#8243; _module_preset=&#8220;default&#8220; global_colors_info=&#8220;{}&#8220;][\/et_pb_button][\/et_pb_column][\/et_pb_row][et_pb_row use_custom_gutter=&#8220;on&#8220; gutter_width=&#8220;1&#8243; _builder_version=&#8220;4.27.4&#8243; _module_preset=&#8220;default&#8220; width=&#8220;100%&#8220; max_width=&#8220;100%&#8220; global_colors_info=&#8220;{}&#8220; disabled_on=&#8220;on|off|off&#8220;][et_pb_column type=&#8220;4_4&#8243; _builder_version=&#8220;4.27.4&#8243; _module_preset=&#8220;default&#8220; global_colors_info=&#8220;{}&#8220;][et_pb_gallery gallery_ids=&#8220;34465,33792,34467,34466,34463,34461,34475,34478,35952,35953,35834,35639,35838,35641,35954,35955&#8243; posts_number=&#8220;8&#8243; show_title_and_caption=&#8220;off&#8220; show_pagination=&#8220;off&#8220; _builder_version=&#8220;4.27.4&#8243; _module_preset=&#8220;default&#8220; z_index=&#8220;-15&#8243; global_colors_info=&#8220;{}&#8220;][\/et_pb_gallery][\/et_pb_column][\/et_pb_row][\/et_pb_section][et_pb_section fb_built=&#8220;1&#8243; _builder_version=&#8220;4.27.4&#8243; background_enable_color=&#8220;off&#8220; z_index=&#8220;0&#8243; custom_padding=&#8220;0px|0px|0px|0px&#8220; top_divider_height=&#8220;0px&#8220; top_divider_flip=&#8220;vertical&#8220; bottom_divider_style=&#8220;wave2&#8243; bottom_divider_color=&#8220;gcid-7360370f-bdf0-493f-b1f5-2887d5b68e17&#8243; bottom_divider_height_tablet=&#8220;&#8220; bottom_divider_height_phone=&#8220;44px&#8220; bottom_divider_height_last_edited=&#8220;on|phone&#8220; global_colors_info=&#8220;{%22gcid-7360370f-bdf0-493f-b1f5-2887d5b68e17%22:%91%22bottom_divider_color%22%93}&#8220;][\/et_pb_section]<\/p>\n","protected":false},"excerpt":{"rendered":"<p>FAMILIENZIMMERWillkommen im Haus des Campdirektors &nbsp; In Lejrchefens Hus finden Sie ein sch\u00f6nes Familienzimmer mit Platz f\u00fcr vier Personen.Das Zimmer ist mit zwei Einzelbetten und einem Etagenbett ausgestattet und eignet [&hellip;]<\/p>\n","protected":false},"author":1,"featured_media":0,"parent":35557,"menu_order":0,"comment_status":"closed","ping_status":"closed","template":"","meta":{"_et_pb_use_builder":"on","_et_pb_old_content":"","_et_gb_content_width":"","footnotes":""},"folder":[],"class_list":["post-35951","page","type-page","status-publish","hentry"],"yoast_head":"<!-- This site is optimized with the Yoast SEO plugin v27.2 - https:\/\/yoast.com\/product\/yoast-seo-wordpress\/ -->\n<title>FAMILIENZIMMER (4 pers.) - Toftum Bjerge Camping<\/title>\n<meta name=\"robots\" content=\"index, follow, max-snippet:-1, max-image-preview:large, max-video-preview:-1\" \/>\n<link rel=\"canonical\" href=\"https:\/\/toftum-bjerge.dk\/de\/wenn-sie-mieten\/familienzimmer-4-pers\/\" \/>\n<meta property=\"og:locale\" content=\"de_DE\" \/>\n<meta property=\"og:type\" content=\"article\" \/>\n<meta property=\"og:title\" content=\"FAMILIENZIMMER (4 pers.) - Toftum Bjerge Camping\" \/>\n<meta property=\"og:description\" content=\"FAMILIENZIMMERWillkommen im Haus des Campdirektors &nbsp; In Lejrchefens Hus finden Sie ein sch\u00f6nes Familienzimmer mit Platz f\u00fcr vier Personen.Das Zimmer ist mit zwei Einzelbetten und einem Etagenbett ausgestattet und eignet [&hellip;]\" \/>\n<meta property=\"og:url\" content=\"https:\/\/toftum-bjerge.dk\/de\/wenn-sie-mieten\/familienzimmer-4-pers\/\" \/>\n<meta property=\"og:site_name\" content=\"Toftum Bjerge Camping\" \/>\n<meta property=\"article:modified_time\" content=\"2025-12-16T20:12:25+00:00\" \/>\n<meta name=\"twitter:card\" content=\"summary_large_image\" \/>\n<meta name=\"twitter:label1\" content=\"Gesch\u00e4tzte Lesezeit\" \/>\n\t<meta name=\"twitter:data1\" content=\"5\u00a0Minuten\" \/>\n<script type=\"application\/ld+json\" class=\"yoast-schema-graph\">{\"@context\":\"https:\/\/schema.org\",\"@graph\":[{\"@type\":\"WebPage\",\"@id\":\"https:\/\/toftum-bjerge.dk\/de\/wenn-sie-mieten\/familienzimmer-4-pers\/\",\"url\":\"https:\/\/toftum-bjerge.dk\/de\/wenn-sie-mieten\/familienzimmer-4-pers\/\",\"name\":\"FAMILIENZIMMER (4 pers.) - Toftum Bjerge Camping\",\"isPartOf\":{\"@id\":\"https:\/\/toftum-bjerge.dk\/de\/#website\"},\"datePublished\":\"2025-09-14T14:50:39+00:00\",\"dateModified\":\"2025-12-16T20:12:25+00:00\",\"breadcrumb\":{\"@id\":\"https:\/\/toftum-bjerge.dk\/de\/wenn-sie-mieten\/familienzimmer-4-pers\/#breadcrumb\"},\"inLanguage\":\"de\",\"potentialAction\":[{\"@type\":\"ReadAction\",\"target\":[\"https:\/\/toftum-bjerge.dk\/de\/wenn-sie-mieten\/familienzimmer-4-pers\/\"]}]},{\"@type\":\"BreadcrumbList\",\"@id\":\"https:\/\/toftum-bjerge.dk\/de\/wenn-sie-mieten\/familienzimmer-4-pers\/#breadcrumb\",\"itemListElement\":[{\"@type\":\"ListItem\",\"position\":1,\"name\":\"Hjem\",\"item\":\"https:\/\/toftum-bjerge.dk\/de\/hauptseite\/\"},{\"@type\":\"ListItem\",\"position\":2,\"name\":\"WENN SIE MIETEN\",\"item\":\"https:\/\/toftum-bjerge.dk\/de\/wenn-sie-mieten\/\"},{\"@type\":\"ListItem\",\"position\":3,\"name\":\"FAMILIENZIMMER (4 pers.)\"}]},{\"@type\":\"WebSite\",\"@id\":\"https:\/\/toftum-bjerge.dk\/de\/#website\",\"url\":\"https:\/\/toftum-bjerge.dk\/de\/\",\"name\":\"Toftum Bjerge Camping\",\"description\":\"Din oase mellem fjord og skov\",\"potentialAction\":[{\"@type\":\"SearchAction\",\"target\":{\"@type\":\"EntryPoint\",\"urlTemplate\":\"https:\/\/toftum-bjerge.dk\/de\/?s={search_term_string}\"},\"query-input\":{\"@type\":\"PropertyValueSpecification\",\"valueRequired\":true,\"valueName\":\"search_term_string\"}}],\"inLanguage\":\"de\"}]}<\/script>\n<!-- \/ Yoast SEO plugin. -->","yoast_head_json":{"title":"FAMILIENZIMMER (4 pers.) - Toftum Bjerge Camping","robots":{"index":"index","follow":"follow","max-snippet":"max-snippet:-1","max-image-preview":"max-image-preview:large","max-video-preview":"max-video-preview:-1"},"canonical":"https:\/\/toftum-bjerge.dk\/de\/wenn-sie-mieten\/familienzimmer-4-pers\/","og_locale":"de_DE","og_type":"article","og_title":"FAMILIENZIMMER (4 pers.) - Toftum Bjerge Camping","og_description":"FAMILIENZIMMERWillkommen im Haus des Campdirektors &nbsp; In Lejrchefens Hus finden Sie ein sch\u00f6nes Familienzimmer mit Platz f\u00fcr vier Personen.Das Zimmer ist mit zwei Einzelbetten und einem Etagenbett ausgestattet und eignet [&hellip;]","og_url":"https:\/\/toftum-bjerge.dk\/de\/wenn-sie-mieten\/familienzimmer-4-pers\/","og_site_name":"Toftum Bjerge Camping","article_modified_time":"2025-12-16T20:12:25+00:00","twitter_card":"summary_large_image","twitter_misc":{"Gesch\u00e4tzte Lesezeit":"5\u00a0Minuten"},"schema":{"@context":"https:\/\/schema.org","@graph":[{"@type":"WebPage","@id":"https:\/\/toftum-bjerge.dk\/de\/wenn-sie-mieten\/familienzimmer-4-pers\/","url":"https:\/\/toftum-bjerge.dk\/de\/wenn-sie-mieten\/familienzimmer-4-pers\/","name":"FAMILIENZIMMER (4 pers.) - Toftum Bjerge Camping","isPartOf":{"@id":"https:\/\/toftum-bjerge.dk\/de\/#website"},"datePublished":"2025-09-14T14:50:39+00:00","dateModified":"2025-12-16T20:12:25+00:00","breadcrumb":{"@id":"https:\/\/toftum-bjerge.dk\/de\/wenn-sie-mieten\/familienzimmer-4-pers\/#breadcrumb"},"inLanguage":"de","potentialAction":[{"@type":"ReadAction","target":["https:\/\/toftum-bjerge.dk\/de\/wenn-sie-mieten\/familienzimmer-4-pers\/"]}]},{"@type":"BreadcrumbList","@id":"https:\/\/toftum-bjerge.dk\/de\/wenn-sie-mieten\/familienzimmer-4-pers\/#breadcrumb","itemListElement":[{"@type":"ListItem","position":1,"name":"Hjem","item":"https:\/\/toftum-bjerge.dk\/de\/hauptseite\/"},{"@type":"ListItem","position":2,"name":"WENN SIE MIETEN","item":"https:\/\/toftum-bjerge.dk\/de\/wenn-sie-mieten\/"},{"@type":"ListItem","position":3,"name":"FAMILIENZIMMER (4 pers.)"}]},{"@type":"WebSite","@id":"https:\/\/toftum-bjerge.dk\/de\/#website","url":"https:\/\/toftum-bjerge.dk\/de\/","name":"Toftum Bjerge Camping","description":"Din oase mellem fjord og skov","potentialAction":[{"@type":"SearchAction","target":{"@type":"EntryPoint","urlTemplate":"https:\/\/toftum-bjerge.dk\/de\/?s={search_term_string}"},"query-input":{"@type":"PropertyValueSpecification","valueRequired":true,"valueName":"search_term_string"}}],"inLanguage":"de"}]}},"_links":{"self":[{"href":"https:\/\/toftum-bjerge.dk\/de\/wp-json\/wp\/v2\/pages\/35951","targetHints":{"allow":["GET"]}}],"collection":[{"href":"https:\/\/toftum-bjerge.dk\/de\/wp-json\/wp\/v2\/pages"}],"about":[{"href":"https:\/\/toftum-bjerge.dk\/de\/wp-json\/wp\/v2\/types\/page"}],"author":[{"embeddable":true,"href":"https:\/\/toftum-bjerge.dk\/de\/wp-json\/wp\/v2\/users\/1"}],"replies":[{"embeddable":true,"href":"https:\/\/toftum-bjerge.dk\/de\/wp-json\/wp\/v2\/comments?post=35951"}],"version-history":[{"count":2,"href":"https:\/\/toftum-bjerge.dk\/de\/wp-json\/wp\/v2\/pages\/35951\/revisions"}],"predecessor-version":[{"id":35968,"href":"https:\/\/toftum-bjerge.dk\/de\/wp-json\/wp\/v2\/pages\/35951\/revisions\/35968"}],"up":[{"embeddable":true,"href":"https:\/\/toftum-bjerge.dk\/de\/wp-json\/wp\/v2\/pages\/35557"}],"wp:attachment":[{"href":"https:\/\/toftum-bjerge.dk\/de\/wp-json\/wp\/v2\/media?parent=35951"}],"wp:term":[{"taxonomy":"folder","embeddable":true,"href":"https:\/\/toftum-bjerge.dk\/de\/wp-json\/wp\/v2\/folder?post=35951"}],"curies":[{"name":"wp","href":"https:\/\/api.w.org\/{rel}","templated":true}]}}