{"id":36086,"date":"2025-09-14T15:51:28","date_gmt":"2025-09-14T14:51:28","guid":{"rendered":"https:\/\/toftum-bjerge.dk\/sehenswertes\/angeln\/"},"modified":"2025-12-16T21:12:51","modified_gmt":"2025-12-16T20:12:51","slug":"angeln","status":"publish","type":"page","link":"https:\/\/toftum-bjerge.dk\/de\/sehenswertes\/angeln\/","title":{"rendered":"Angeln"},"content":{"rendered":"<p>[et_pb_section fb_built=&#8220;1&#8243; custom_padding_last_edited=&#8220;on|tablet&#8220; _builder_version=&#8220;4.27.4&#8243; background_image=&#8220;https:\/\/toftum-bjerge.dk\/wp-content\/uploads\/2025\/10\/STrand.jpg&#8220; height=&#8220;500px&#8220; height_tablet=&#8220;500px&#8220; height_phone=&#8220;500px&#8220; height_last_edited=&#8220;on|phone&#8220; custom_padding=&#8220;0px||350px||false|false&#8220; custom_padding_tablet=&#8220;||150px||false|false&#8220; custom_padding_phone=&#8220;||25px&#8220; bottom_divider_style=&#8220;waves2&#8243; bottom_divider_color=&#8220;#ffffff&#8220; bottom_divider_height=&#8220;150px&#8220; bottom_divider_height_tablet=&#8220;&#8220; bottom_divider_height_phone=&#8220;63px&#8220; bottom_divider_height_last_edited=&#8220;on|phone&#8220; box_shadow_style=&#8220;preset1&#8243; box_shadow_position=&#8220;inner&#8220; global_colors_info=&#8220;{%22gcid-primary-color%22:%91%22background_color_gradient_stops%22%93,%22gcid-secondary-color%22:%91%22background_color_gradient_stops%22%93,%22gcid-7360370f-bdf0-493f-b1f5-2887d5b68e17%22:%91%22background_color_gradient_stops%22%93,%22gcid-ffc7ad8e-ca9f-4ff9-9684-db89d03277e3%22:%91%22background_color_gradient_stops%22%93}&#8220;][et_pb_row _builder_version=&#8220;4.16&#8243; background_size=&#8220;initial&#8220; background_position=&#8220;top_left&#8220; background_repeat=&#8220;repeat&#8220; custom_padding=&#8220;50px|0px|65px|0px||&#8220; global_colors_info=&#8220;{}&#8220;][et_pb_column type=&#8220;4_4&#8243; _builder_version=&#8220;4.16&#8243; custom_padding=&#8220;|||&#8220; global_colors_info=&#8220;{}&#8220; custom_padding__hover=&#8220;|||&#8220;][et_pb_text _builder_version=&#8220;4.27.4&#8243; header_2_font=&#8220;|800|||||||&#8220; header_2_text_align=&#8220;center&#8220; header_2_text_color=&#8220;#ffffff&#8220; header_2_font_size=&#8220;60px&#8220; background_layout=&#8220;dark&#8220; custom_margin=&#8220;||20px|&#8220; animation_style=&#8220;slide&#8220; animation_direction=&#8220;bottom&#8220; header_2_font_size_tablet=&#8220;&#8220; header_2_font_size_phone=&#8220;30px&#8220; header_2_font_size_last_edited=&#8220;on|phone&#8220; header_2_text_shadow_style=&#8220;preset2&#8243; header_2_text_shadow_horizontal_length=&#8220;0em&#8220; header_2_text_shadow_vertical_length=&#8220;0.1em&#8220; header_2_text_shadow_blur_strength=&#8220;0.1em&#8220; header_2_text_shadow_color=&#8220;rgba(0,0,0,0.3)&#8220; global_colors_info=&#8220;{}&#8220;]<\/p>\n<h2>LEICHTES FISCHERN<\/h2>\n<p>[\/et_pb_text][\/et_pb_column][\/et_pb_row][\/et_pb_section][et_pb_section fb_built=&#8220;1&#8243; _builder_version=&#8220;4.16&#8243; custom_padding=&#8220;100px|0px|100px|0px&#8220; global_colors_info=&#8220;{}&#8220;][et_pb_row _builder_version=&#8220;4.27.4&#8243; _module_preset=&#8220;default&#8220; global_colors_info=&#8220;{}&#8220;][et_pb_column type=&#8220;4_4&#8243; _builder_version=&#8220;4.27.4&#8243; _module_preset=&#8220;default&#8220; global_colors_info=&#8220;{}&#8220;][et_pb_text _builder_version=&#8220;4.27.4&#8243; _module_preset=&#8220;default&#8220; custom_padding=&#8220;||6px|||&#8220; hover_enabled=&#8220;0&#8243; global_colors_info=&#8220;{}&#8220; sticky_enabled=&#8220;0&#8243;]<\/p>\n<h2>Anglerfreundliche Unterkunft auf Toftum Bjerge Camping<\/h2>\n<p>&nbsp;<\/p>\n<p>Willkommen in einem der aufregendsten und landschaftlich reizvollsten Fischereigebiete D\u00e4nemarks &#8211; dem Limfjord, insbesondere in der wundersch\u00f6nen Gegend um Toftum Bjerge. Diese Gegend ist ein wahres Paradies f\u00fcr Angler, die die einzigartige Kombination aus frischer Luft, wundersch\u00f6ner Natur und gro\u00dfartigem Angeln erleben m\u00f6chten.<\/p>\n<p>\u00dcber Limfjorden und Toftum Bjerge<\/p>\n<p>Der Limfjord ist einer der gr\u00f6\u00dften und abwechslungsreichsten Fjorde D\u00e4nemarks und bekannt f\u00fcr seine reiche Tierwelt und vielf\u00e4ltige Landschaft. Das Gebiet um Toftum Bjerge bietet eine fantastische Mischung aus offenen Gew\u00e4ssern, kleinen Buchten und malerischen K\u00fcstenlinien, die ideale Bedingungen f\u00fcr das Angeln schaffen. Der Berg selbst bietet eine gro\u00dfartige Aussicht auf den Fjord und die Umgebung und ist ein beliebter Ausgangspunkt f\u00fcr Angler, die die umliegenden Gew\u00e4sser erkunden m\u00f6chten.<\/p>\n<p>Welche Fische k\u00f6nnen Sie fangen?<\/p>\n<p>Der Limfjord ist f\u00fcr seinen Fischreichtum bekannt, und Angler k\u00f6nnen hier mit einer gro\u00dfen Vielfalt an Arten rechnen. Zu den typischen Fischen, die Sie in diesem Gebiet fangen k\u00f6nnen, geh\u00f6ren Kabeljau, Scholle, Plattfisch, Hornhecht, Hering und Makrele. Au\u00dferdem gibt es gute Chancen, gr\u00f6\u00dfere Fische wie Meerforellen zu fangen, vor allem in den ruhigeren und gesch\u00fctzten Gebieten. F\u00fcr Angler, die lieber vom Ufer aus angeln, gibt es entlang der Toftum Bjerge viele tolle Stellen, an denen Sie einen entspannten Tag mit Ihrer Angelrute verbringen k\u00f6nnen.<\/p>\n<p>Tipps zum Angeln in der Region<\/p>\n<p>Zeitraum: Die besten Ergebnisse erzielen Sie, wenn Sie am fr\u00fchen Morgen oder am sp\u00e4ten Nachmittag angeln, wenn die Fische am aktivsten sind.<\/p>\n<p>Angelerlebnisse f\u00fcr jedermann<\/p>\n<p>Ob Sie Anf\u00e4nger oder erfahrener Angler sind, die Gegend um Toftum Bjerge bietet fantastische M\u00f6glichkeiten, einen guten Fang zu machen und die friedliche Natur zu genie\u00dfen. Sie k\u00f6nnen auch Boote und Ausr\u00fcstung mieten, wenn Sie die notwendige Ausr\u00fcstung nicht zu Hause haben. Viele \u00f6rtliche Angelf\u00fchrer bieten auch Touren an, bei denen Sie professionelle Anleitung und Tipps erhalten, um Ihre Fangchancen zu verbessern.<\/p>\n<p>Genie\u00dfen Sie die Natur und das Angeln<\/p>\n<p>Beim Angeln im Limfjord um Toftum Bjerge geht es nicht nur darum, Fische zu fangen &#8211; es ist auch eine Chance, die sch\u00f6ne Natur zu genie\u00dfen, dem Gesang der V\u00f6gel zu lauschen und die friedliche Atmosph\u00e4re zu erleben, die diese Gegend auszeichnet. Es ist der perfekte Weg, um sich zu entspannen, frische Luft zu schnappen und Erinnerungen mit Familie und Freunden zu schaffen.<\/p>\n<p>Angelschein<\/p>\n<p>Wenn Sie zwischen 18 und 65 Jahre alt sind, ben\u00f6tigen Sie einen Angelschein, um in D\u00e4nemark mit Ruten und anderem Ger\u00e4t zu fischen. Der Angelschein kann online unter <a href=\"http:\/\/www.fisketegn.dk\">www.fisketegn.dk<\/a> erworben werden oder wir helfen Ihnen bei Ihrer Ankunft.<\/p>\n<p>Sehen Sie auch: <a href=\"http:\/\/www.havorredlimfjorden.dk\">www.havorredlimfjorden.dk<\/a><\/p>\n<p>&nbsp;<\/p>\n<p>[\/et_pb_text][et_pb_image src=&#8220;https:\/\/toftum-bjerge.dk\/wp-content\/uploads\/2025\/10\/Skaermbillede_31-10-2025_2317_www.havorredlimfjorden.dk_.jpeg&#8220; title_text=&#8220;Sk\u00e6rmbillede_31-10-2025_2317_www.havorredlimfjorden.dk&#8220; show_in_lightbox=&#8220;on&#8220; align=&#8220;center&#8220; _builder_version=&#8220;4.27.4&#8243; _module_preset=&#8220;default&#8220; global_colors_info=&#8220;{}&#8220;][\/et_pb_image][\/et_pb_column][\/et_pb_row][\/et_pb_section][et_pb_section fb_built=&#8220;1&#8243; _builder_version=&#8220;4.27.4&#8243; background_enable_color=&#8220;off&#8220; custom_padding=&#8220;0px|0px|0px|0px&#8220; top_divider_height=&#8220;0px&#8220; top_divider_flip=&#8220;vertical&#8220; bottom_divider_style=&#8220;wave2&#8243; bottom_divider_color=&#8220;gcid-7360370f-bdf0-493f-b1f5-2887d5b68e17&#8243; bottom_divider_height_tablet=&#8220;&#8220; bottom_divider_height_phone=&#8220;44px&#8220; bottom_divider_height_last_edited=&#8220;on|phone&#8220; global_colors_info=&#8220;{%22gcid-7360370f-bdf0-493f-b1f5-2887d5b68e17%22:%91%22bottom_divider_color%22%93}&#8220;][\/et_pb_section]<\/p>\n","protected":false},"excerpt":{"rendered":"<p>LEICHTES FISCHERNAnglerfreundliche Unterkunft auf Toftum Bjerge Camping &nbsp; Willkommen in einem der aufregendsten und landschaftlich reizvollsten Fischereigebiete D\u00e4nemarks &#8211; dem Limfjord, insbesondere in der wundersch\u00f6nen Gegend um Toftum Bjerge. Diese [&hellip;]<\/p>\n","protected":false},"author":1,"featured_media":0,"parent":35592,"menu_order":0,"comment_status":"closed","ping_status":"closed","template":"","meta":{"_et_pb_use_builder":"on","_et_pb_old_content":"","_et_gb_content_width":"","footnotes":""},"folder":[],"class_list":["post-36086","page","type-page","status-publish","hentry"],"yoast_head":"<!-- This site is optimized with the Yoast SEO plugin v27.2 - https:\/\/yoast.com\/product\/yoast-seo-wordpress\/ -->\n<title>Angeln - Toftum Bjerge Camping<\/title>\n<meta name=\"robots\" content=\"index, follow, max-snippet:-1, max-image-preview:large, max-video-preview:-1\" \/>\n<link rel=\"canonical\" href=\"https:\/\/toftum-bjerge.dk\/de\/sehenswertes\/angeln\/\" \/>\n<meta property=\"og:locale\" content=\"de_DE\" \/>\n<meta property=\"og:type\" content=\"article\" \/>\n<meta property=\"og:title\" content=\"Angeln - Toftum Bjerge Camping\" \/>\n<meta property=\"og:description\" content=\"LEICHTES FISCHERNAnglerfreundliche Unterkunft auf Toftum Bjerge Camping &nbsp; Willkommen in einem der aufregendsten und landschaftlich reizvollsten Fischereigebiete D\u00e4nemarks - dem Limfjord, insbesondere in der wundersch\u00f6nen Gegend um Toftum Bjerge. Diese [&hellip;]\" \/>\n<meta property=\"og:url\" content=\"https:\/\/toftum-bjerge.dk\/de\/sehenswertes\/angeln\/\" \/>\n<meta property=\"og:site_name\" content=\"Toftum Bjerge Camping\" \/>\n<meta property=\"article:modified_time\" content=\"2025-12-16T20:12:51+00:00\" \/>\n<meta name=\"twitter:card\" content=\"summary_large_image\" \/>\n<meta name=\"twitter:label1\" content=\"Gesch\u00e4tzte Lesezeit\" \/>\n\t<meta name=\"twitter:data1\" content=\"5\u00a0Minuten\" \/>\n<script type=\"application\/ld+json\" class=\"yoast-schema-graph\">{\"@context\":\"https:\/\/schema.org\",\"@graph\":[{\"@type\":\"WebPage\",\"@id\":\"https:\/\/toftum-bjerge.dk\/de\/sehenswertes\/angeln\/\",\"url\":\"https:\/\/toftum-bjerge.dk\/de\/sehenswertes\/angeln\/\",\"name\":\"Angeln - Toftum Bjerge Camping\",\"isPartOf\":{\"@id\":\"https:\/\/toftum-bjerge.dk\/de\/#website\"},\"datePublished\":\"2025-09-14T14:51:28+00:00\",\"dateModified\":\"2025-12-16T20:12:51+00:00\",\"breadcrumb\":{\"@id\":\"https:\/\/toftum-bjerge.dk\/de\/sehenswertes\/angeln\/#breadcrumb\"},\"inLanguage\":\"de\",\"potentialAction\":[{\"@type\":\"ReadAction\",\"target\":[\"https:\/\/toftum-bjerge.dk\/de\/sehenswertes\/angeln\/\"]}]},{\"@type\":\"BreadcrumbList\",\"@id\":\"https:\/\/toftum-bjerge.dk\/de\/sehenswertes\/angeln\/#breadcrumb\",\"itemListElement\":[{\"@type\":\"ListItem\",\"position\":1,\"name\":\"Hjem\",\"item\":\"https:\/\/toftum-bjerge.dk\/de\/hauptseite\/\"},{\"@type\":\"ListItem\",\"position\":2,\"name\":\"Sehenswertes\",\"item\":\"https:\/\/toftum-bjerge.dk\/de\/sehenswertes\/\"},{\"@type\":\"ListItem\",\"position\":3,\"name\":\"Angeln\"}]},{\"@type\":\"WebSite\",\"@id\":\"https:\/\/toftum-bjerge.dk\/de\/#website\",\"url\":\"https:\/\/toftum-bjerge.dk\/de\/\",\"name\":\"Toftum Bjerge Camping\",\"description\":\"Din oase mellem fjord og skov\",\"potentialAction\":[{\"@type\":\"SearchAction\",\"target\":{\"@type\":\"EntryPoint\",\"urlTemplate\":\"https:\/\/toftum-bjerge.dk\/de\/?s={search_term_string}\"},\"query-input\":{\"@type\":\"PropertyValueSpecification\",\"valueRequired\":true,\"valueName\":\"search_term_string\"}}],\"inLanguage\":\"de\"}]}<\/script>\n<!-- \/ Yoast SEO plugin. -->","yoast_head_json":{"title":"Angeln - Toftum Bjerge Camping","robots":{"index":"index","follow":"follow","max-snippet":"max-snippet:-1","max-image-preview":"max-image-preview:large","max-video-preview":"max-video-preview:-1"},"canonical":"https:\/\/toftum-bjerge.dk\/de\/sehenswertes\/angeln\/","og_locale":"de_DE","og_type":"article","og_title":"Angeln - Toftum Bjerge Camping","og_description":"LEICHTES FISCHERNAnglerfreundliche Unterkunft auf Toftum Bjerge Camping &nbsp; Willkommen in einem der aufregendsten und landschaftlich reizvollsten Fischereigebiete D\u00e4nemarks - dem Limfjord, insbesondere in der wundersch\u00f6nen Gegend um Toftum Bjerge. Diese [&hellip;]","og_url":"https:\/\/toftum-bjerge.dk\/de\/sehenswertes\/angeln\/","og_site_name":"Toftum Bjerge Camping","article_modified_time":"2025-12-16T20:12:51+00:00","twitter_card":"summary_large_image","twitter_misc":{"Gesch\u00e4tzte Lesezeit":"5\u00a0Minuten"},"schema":{"@context":"https:\/\/schema.org","@graph":[{"@type":"WebPage","@id":"https:\/\/toftum-bjerge.dk\/de\/sehenswertes\/angeln\/","url":"https:\/\/toftum-bjerge.dk\/de\/sehenswertes\/angeln\/","name":"Angeln - Toftum Bjerge Camping","isPartOf":{"@id":"https:\/\/toftum-bjerge.dk\/de\/#website"},"datePublished":"2025-09-14T14:51:28+00:00","dateModified":"2025-12-16T20:12:51+00:00","breadcrumb":{"@id":"https:\/\/toftum-bjerge.dk\/de\/sehenswertes\/angeln\/#breadcrumb"},"inLanguage":"de","potentialAction":[{"@type":"ReadAction","target":["https:\/\/toftum-bjerge.dk\/de\/sehenswertes\/angeln\/"]}]},{"@type":"BreadcrumbList","@id":"https:\/\/toftum-bjerge.dk\/de\/sehenswertes\/angeln\/#breadcrumb","itemListElement":[{"@type":"ListItem","position":1,"name":"Hjem","item":"https:\/\/toftum-bjerge.dk\/de\/hauptseite\/"},{"@type":"ListItem","position":2,"name":"Sehenswertes","item":"https:\/\/toftum-bjerge.dk\/de\/sehenswertes\/"},{"@type":"ListItem","position":3,"name":"Angeln"}]},{"@type":"WebSite","@id":"https:\/\/toftum-bjerge.dk\/de\/#website","url":"https:\/\/toftum-bjerge.dk\/de\/","name":"Toftum Bjerge Camping","description":"Din oase mellem fjord og skov","potentialAction":[{"@type":"SearchAction","target":{"@type":"EntryPoint","urlTemplate":"https:\/\/toftum-bjerge.dk\/de\/?s={search_term_string}"},"query-input":{"@type":"PropertyValueSpecification","valueRequired":true,"valueName":"search_term_string"}}],"inLanguage":"de"}]}},"_links":{"self":[{"href":"https:\/\/toftum-bjerge.dk\/de\/wp-json\/wp\/v2\/pages\/36086","targetHints":{"allow":["GET"]}}],"collection":[{"href":"https:\/\/toftum-bjerge.dk\/de\/wp-json\/wp\/v2\/pages"}],"about":[{"href":"https:\/\/toftum-bjerge.dk\/de\/wp-json\/wp\/v2\/types\/page"}],"author":[{"embeddable":true,"href":"https:\/\/toftum-bjerge.dk\/de\/wp-json\/wp\/v2\/users\/1"}],"replies":[{"embeddable":true,"href":"https:\/\/toftum-bjerge.dk\/de\/wp-json\/wp\/v2\/comments?post=36086"}],"version-history":[{"count":1,"href":"https:\/\/toftum-bjerge.dk\/de\/wp-json\/wp\/v2\/pages\/36086\/revisions"}],"predecessor-version":[{"id":36089,"href":"https:\/\/toftum-bjerge.dk\/de\/wp-json\/wp\/v2\/pages\/36086\/revisions\/36089"}],"up":[{"embeddable":true,"href":"https:\/\/toftum-bjerge.dk\/de\/wp-json\/wp\/v2\/pages\/35592"}],"wp:attachment":[{"href":"https:\/\/toftum-bjerge.dk\/de\/wp-json\/wp\/v2\/media?parent=36086"}],"wp:term":[{"taxonomy":"folder","embeddable":true,"href":"https:\/\/toftum-bjerge.dk\/de\/wp-json\/wp\/v2\/folder?post=36086"}],"curies":[{"name":"wp","href":"https:\/\/api.w.org\/{rel}","templated":true}]}}